{"id":923,"date":"2024-03-28T11:07:51","date_gmt":"2024-03-28T08:07:51","guid":{"rendered":"https:\/\/wilcotr.com\/?page_id=923"},"modified":"2024-04-04T13:07:18","modified_gmt":"2024-04-04T10:07:18","slug":"medyada-wilco","status":"publish","type":"page","link":"https:\/\/wilcotr.com\/en\/medyada-wilco\/","title":{"rendered":"WILCO IN THE MEDIA"},"content":{"rendered":"<div  class=\"wp-block-ultimate-post-post-grid-1 ultp-block-e7f22f\"><div class=\"ultp-block-wrapper\"><div class=\"ultp-loading\"><div class=\"ultp-loading-blocks\" style=\"width:100%;height:100%;\"><div style=\"left: 0;top: 0;animation-delay:0s;\"><\/div><div style=\"left: 21px;top: 0;animation-delay:0.125s;\"><\/div><div style=\"left: 42px;top: 0;animation-delay:0.25s;\"><\/div><div style=\"left: 0;top: 21px;animation-delay:0.875s;\"><\/div><div style=\"left: 42px;top: 21px;animation-delay:0.375s;\"><\/div><div style=\"left: 0;top: 42px;animation-delay:0.75s;\"><\/div><div style=\"left: 42px;top: 42px;animation-delay:0.625s;\"><\/div><div style=\"left: 21px;top: 42px;animation-delay:0.5s;\"><\/div><\/div><\/div><div class=\"ultp-heading-filter\"><div class=\"ultp-heading-filter-in\"><div class=\"ultp-heading-wrap ultp-heading-style9 ultp-heading-left\"><h2 class=\"ultp-heading-inner\"><span><\/span><\/h2><\/div><div class=\"ultp-filter-navigation\"><\/div><\/div><\/div><div class=\"ultp-block-items-wrap ultp-block-row ultp-pg1a-style1 ultp-block-column-4 ultp-layout1\"><div class=\"ultp-block-item post-id-2421\"><div class=\"ultp-block-content-wrap\"><div class=\"ultp-block-image ultp-block-image-opacity\"><a href=\"https:\/\/wilcotr.com\/en\/2026\/03\/13\/bloomberg-ht-yayinimiz\/\" ><img decoding=\"async\"  alt=\"Bloomberg HT yay\u0131n\u0131m\u0131z\u2026\"  src=\"https:\/\/wilcotr.com\/wp-content\/uploads\/2026\/03\/bloomberht-340x240.jpg\" \/><\/a><\/div><div class=\"ultp-block-content\"><h3 class=\"ultp-block-title\"><a href=\"https:\/\/wilcotr.com\/en\/2026\/03\/13\/bloomberg-ht-yayinimiz\/\" >Bloomberg HT yay\u0131n\u0131m\u0131z\u2026<\/a><\/h3><\/div><\/div><\/div><div class=\"ultp-block-item post-id-2414\"><div class=\"ultp-block-content-wrap\"><div class=\"ultp-block-image ultp-block-image-opacity\"><a href=\"https:\/\/wilcotr.com\/en\/2026\/01\/26\/2414\/\" ><img decoding=\"async\"  alt=\"\u015eEHR\u0130VAN Gazetesi Haberimiz&#8230;\"  src=\"https:\/\/wilcotr.com\/wp-content\/uploads\/2026\/01\/sehrivan-1-340x240.jpg\" \/><\/a><\/div><div class=\"ultp-block-content\"><h3 class=\"ultp-block-title\"><a href=\"https:\/\/wilcotr.com\/en\/2026\/01\/26\/2414\/\" >Our news story from \u015eEHR\u0130VAN Newspaper\u2026<\/a><\/h3><\/div><\/div><\/div><div class=\"ultp-block-item post-id-2408\"><div class=\"ultp-block-content-wrap\"><div class=\"ultp-block-image ultp-block-image-opacity\"><a href=\"https:\/\/wilcotr.com\/en\/2026\/01\/26\/hurriyet-ekonomi-sayfasinda-yayinlanan-haberimiz\/\" ><img decoding=\"async\"  alt=\"H\u00fcrriyet Ekonomi Sayfas\u0131nda Yay\u0131nlanan Haberimiz&#8230;\"  src=\"https:\/\/wilcotr.com\/wp-content\/uploads\/2026\/01\/111-340x240.jpg\" \/><\/a><\/div><div class=\"ultp-block-content\"><h3 class=\"ultp-block-title\"><a href=\"https:\/\/wilcotr.com\/en\/2026\/01\/26\/hurriyet-ekonomi-sayfasinda-yayinlanan-haberimiz\/\" >Our news story published in the H\u00fcrriyet Economy section\u2026<\/a><\/h3><\/div><\/div><\/div><div class=\"ultp-block-item post-id-2405\"><div class=\"ultp-block-content-wrap\"><div class=\"ultp-block-image ultp-block-image-opacity\"><a href=\"https:\/\/wilcotr.com\/en\/2026\/01\/26\/mehmet-avcinin-ekonomi-mansette-yayinlanan-makalesi\/\" ><img decoding=\"async\"  alt=\"Mehmet AVCI&#8217;n\u0131n Ekonomi Man\u015fette Yay\u0131nlanan&hellip;\"  src=\"https:\/\/wilcotr.com\/wp-content\/uploads\/2026\/01\/ekonomimanset-340x240.jpg\" \/><\/a><\/div><div class=\"ultp-block-content\"><h3 class=\"ultp-block-title\"><a href=\"https:\/\/wilcotr.com\/en\/2026\/01\/26\/mehmet-avcinin-ekonomi-mansette-yayinlanan-makalesi\/\" >Mehmet AVCI's Article Published in Ekonomi Man\u015fet\u2026<\/a><\/h3><\/div><\/div><\/div><div class=\"ultp-block-item post-id-2401\"><div class=\"ultp-block-content-wrap\"><div class=\"ultp-block-image ultp-block-image-opacity\"><a href=\"https:\/\/wilcotr.com\/en\/2026\/01\/26\/ekonomist-com-trda-yayinlanan-haberimiz-2\/\" ><img decoding=\"async\"  alt=\"ekonomist.com.tr\u2019da Yay\u0131nlanan Haberimiz\u2026\"  src=\"https:\/\/wilcotr.com\/wp-content\/uploads\/2026\/01\/ekonomist-340x240.jpg\" \/><\/a><\/div><div class=\"ultp-block-content\"><h3 class=\"ultp-block-title\"><a href=\"https:\/\/wilcotr.com\/en\/2026\/01\/26\/ekonomist-com-trda-yayinlanan-haberimiz-2\/\" >Our news story published on ekonomist.com.tr\u2026<\/a><\/h3><\/div><\/div><\/div><div class=\"ultp-block-item post-id-2225\"><div class=\"ultp-block-content-wrap\"><div class=\"ultp-block-image ultp-block-image-opacity\"><a href=\"https:\/\/wilcotr.com\/en\/2024\/10\/24\/ekonomist-com-trda-yayinlanan-haberimiz\/\" ><img decoding=\"async\"  alt=\"ekonomist.com.tr\u2019da Yay\u0131nlanan Haberimiz\u2026\"  src=\"https:\/\/wilcotr.com\/wp-content\/uploads\/2024\/10\/ingiltere-haber-340x240.jpg\" \/><\/a><\/div><div class=\"ultp-block-content\"><h3 class=\"ultp-block-title\"><a href=\"https:\/\/wilcotr.com\/en\/2024\/10\/24\/ekonomist-com-trda-yayinlanan-haberimiz\/\" >Our news story published on ekonomist.com.tr\u2026<\/a><\/h3><\/div><\/div><\/div><div class=\"ultp-block-item post-id-1053\"><div class=\"ultp-block-content-wrap\"><div class=\"ultp-block-image ultp-block-image-opacity\"><a href=\"https:\/\/wilcotr.com\/en\/2024\/03\/28\/cnn-turk-yayinimiz\/\" ><img decoding=\"async\"  alt=\"CNN TURK yay\u0131n\u0131m\u0131z\u2026\"  src=\"https:\/\/wilcotr.com\/wp-content\/uploads\/2024\/03\/CNNTurk-340x240.jpg\" \/><\/a><\/div><div class=\"ultp-block-content\"><h3 class=\"ultp-block-title\"><a href=\"https:\/\/wilcotr.com\/en\/2024\/03\/28\/cnn-turk-yayinimiz\/\" >Our CNN TURK broadcast<\/a><\/h3><\/div><\/div><\/div><div class=\"ultp-block-item post-id-1050\"><div class=\"ultp-block-content-wrap\"><div class=\"ultp-block-image ultp-block-image-opacity\"><a href=\"https:\/\/wilcotr.com\/en\/2024\/03\/28\/ekonomimanset-comda-yayinlanan-haberimiz\/\" ><img decoding=\"async\"  alt=\"Ekonomimanset.com\u2019da Yay\u0131nlanan Haberimiz&#8230;\"  src=\"https:\/\/wilcotr.com\/wp-content\/uploads\/2024\/03\/ekonomi_manset-340x240.jpg\" \/><\/a><\/div><div class=\"ultp-block-content\"><h3 class=\"ultp-block-title\"><a href=\"https:\/\/wilcotr.com\/en\/2024\/03\/28\/ekonomimanset-comda-yayinlanan-haberimiz\/\" >Our News Published on Ekonomimanset.com\u2026<\/a><\/h3><\/div><\/div><\/div><div class=\"ultp-block-item post-id-1047\"><div class=\"ultp-block-content-wrap\"><div class=\"ultp-block-image ultp-block-image-opacity\"><a href=\"https:\/\/wilcotr.com\/en\/2024\/03\/28\/turkiyegazetesi-com-trde-yer-alan-haberimiz\/\" ><img decoding=\"async\"  alt=\"Turkiyegazetesi.com.tr\u2019de Yer Alan Haberimiz\u2026\"  src=\"https:\/\/wilcotr.com\/wp-content\/uploads\/2024\/03\/turkiye_g-340x240.jpg\" \/><\/a><\/div><div class=\"ultp-block-content\"><h3 class=\"ultp-block-title\"><a href=\"https:\/\/wilcotr.com\/en\/2024\/03\/28\/turkiyegazetesi-com-trde-yer-alan-haberimiz\/\" >Our News on Turkiyegazetesi.com.tr\u2026<\/a><\/h3><\/div><\/div><\/div><div class=\"ultp-block-item post-id-1043\"><div class=\"ultp-block-content-wrap\"><div class=\"ultp-block-image ultp-block-image-opacity\"><a href=\"https:\/\/wilcotr.com\/en\/2024\/03\/28\/kanal-t-yayinimiz\/\" ><img decoding=\"async\"  alt=\"Kanal T Yay\u0131n\u0131m\u0131z\u2026\"  src=\"https:\/\/wilcotr.com\/wp-content\/uploads\/2024\/03\/unnamed-340x240.jpg\" \/><\/a><\/div><div class=\"ultp-block-content\"><h3 class=\"ultp-block-title\"><a href=\"https:\/\/wilcotr.com\/en\/2024\/03\/28\/kanal-t-yayinimiz\/\" >Our Channel T Broadcast\u2026<\/a><\/h3><\/div><\/div><\/div><div class=\"ultp-block-item post-id-1040\"><div class=\"ultp-block-content-wrap\"><div class=\"ultp-block-image ultp-block-image-opacity\"><a href=\"https:\/\/wilcotr.com\/en\/2024\/03\/28\/egeturk-tv-yayinimiz\/\" ><img decoding=\"async\"  alt=\"EgeT\u00fcrk TV Yay\u0131n\u0131m\u0131z\u2026\"  src=\"https:\/\/wilcotr.com\/wp-content\/uploads\/2024\/03\/egeturk-340x240.jpg\" \/><\/a><\/div><div class=\"ultp-block-content\"><h3 class=\"ultp-block-title\"><a href=\"https:\/\/wilcotr.com\/en\/2024\/03\/28\/egeturk-tv-yayinimiz\/\" >Our EgeT\u00fcrk TV Broadcast\u2026<\/a><\/h3><\/div><\/div><\/div><div class=\"ultp-block-item post-id-1036\"><div class=\"ultp-block-content-wrap\"><div class=\"ultp-block-image ultp-block-image-opacity\"><a href=\"https:\/\/wilcotr.com\/en\/2024\/03\/28\/gazetevatan-comda-yer-alan-haberimiz-2\/\" ><img decoding=\"async\"  alt=\"Gazetevatan.com\u2019da Yer Alan Haberimiz\u2026\"  src=\"https:\/\/wilcotr.com\/wp-content\/uploads\/2024\/03\/vatan_2-340x240.jpg\" \/><\/a><\/div><div class=\"ultp-block-content\"><h3 class=\"ultp-block-title\"><a href=\"https:\/\/wilcotr.com\/en\/2024\/03\/28\/gazetevatan-comda-yer-alan-haberimiz-2\/\" >Our News on Gazetevatan.com\u2026<\/a><\/h3><\/div><\/div><\/div><\/div><div class=\"ultp-pagination-wrap ultp-pagination-ajax-action\" data-paged=\"1\" data-expost=\"\"  data-blockid=\"e7f22f\" data-postid=\"923\" data-pages=\"2\" data-blockname=\"ultimate-post_post-grid-1\" data-selfpostid=\"yes\"><ul class=\"ultp-pagination\"><li class=\"ultp-prev-page-numbers\" style=\"display:none\"><a href=\"https:\/\/wilcotr.com\/en\/wp-json\/wp\/v2\/pages\/923\"><svg enable-background=\"new 0 0 477.175 477.175\" version=\"1.1\" viewbox=\"0 0 477.18 477.18\"><path d=\"m145.19 238.58 215.5-215.5c5.3-5.3 5.3-13.8 0-19.1s-13.8-5.3-19.1 0l-225.1 225.1c-5.3 5.3-5.3 13.8 0 19.1l225.1 225c2.6 2.6 6.1 4 9.5 4s6.9-1.3 9.5-4c5.3-5.3 5.3-13.8 0-19.1l-215.4-215.5z\"><\/path><\/svg> \u00d6nceki<\/a><\/li><li class=\"ultp-center-item pagination-active\" data-current=\"1\"><a href=\"https:\/\/wilcotr.com\/en\/wp-json\/wp\/v2\/pages\/923\">1<\/a><\/li><li class=\"ultp-center-item\" data-current=\"2\" ><a href=\"https:\/\/wilcotr.com\/en\/wp-json\/wp\/v2\/pages\/923\/page\/2\/\">2<\/a><\/li><li class=\"ultp-next-page-numbers\"><a href=\"https:\/\/wilcotr.com\/en\/wp-json\/wp\/v2\/pages\/923\/page\/2\/\">Next<svg enable-background=\"new 0 0 477.175 477.175\" version=\"1.1\" viewbox=\"0 0 477.18 477.18\"><path d=\"m360.73 229.08-225.1-225.1c-5.3-5.3-13.8-5.3-19.1 0s-5.3 13.8 0 19.1l215.5 215.5-215.5 215.5c-5.3 5.3-5.3 13.8 0 19.1 2.6 2.6 6.1 4 9.5 4s6.9-1.3 9.5-4l225.1-225.1c5.3-5.2 5.3-13.8 0.1-19z\"><\/path><\/svg><\/a><\/li><\/ul><\/div><\/div><\/div>","protected":false},"excerpt":{"rendered":"","protected":false},"author":1,"featured_media":0,"parent":0,"menu_order":0,"comment_status":"closed","ping_status":"closed","template":"","meta":{"om_disable_all_campaigns":false,"_uf_show_specific_survey":0,"_uf_disable_surveys":false,"footnotes":""},"aioseo_notices":[],"_links":{"self":[{"href":"https:\/\/wilcotr.com\/en\/wp-json\/wp\/v2\/pages\/923"}],"collection":[{"href":"https:\/\/wilcotr.com\/en\/wp-json\/wp\/v2\/pages"}],"about":[{"href":"https:\/\/wilcotr.com\/en\/wp-json\/wp\/v2\/types\/page"}],"author":[{"embeddable":true,"href":"https:\/\/wilcotr.com\/en\/wp-json\/wp\/v2\/users\/1"}],"replies":[{"embeddable":true,"href":"https:\/\/wilcotr.com\/en\/wp-json\/wp\/v2\/comments?post=923"}],"version-history":[{"count":20,"href":"https:\/\/wilcotr.com\/en\/wp-json\/wp\/v2\/pages\/923\/revisions"}],"predecessor-version":[{"id":1402,"href":"https:\/\/wilcotr.com\/en\/wp-json\/wp\/v2\/pages\/923\/revisions\/1402"}],"wp:attachment":[{"href":"https:\/\/wilcotr.com\/en\/wp-json\/wp\/v2\/media?parent=923"}],"curies":[{"name":"wp","href":"https:\/\/api.w.org\/{rel}","templated":true}]}}