{"id":843,"date":"2024-03-26T17:52:46","date_gmt":"2024-03-26T14:52:46","guid":{"rendered":"https:\/\/wilcotr.com\/?page_id=843"},"modified":"2024-03-27T14:55:03","modified_gmt":"2024-03-27T11:55:03","slug":"dezenfekte-urunleri-ve-hizmeti","status":"publish","type":"page","link":"https:\/\/wilcotr.com\/en\/dezenfekte-urunleri-ve-hizmeti\/","title":{"rendered":"DISINFECTING PRODUCTS AND SERVICE"},"content":{"rendered":"<section id=\"gm50d415f\" class=\"wp-block-gutentor-m2 section-gm50d415f gutentor-module gutentor-dynamic-columns\"><div class=\"grid-container\"><div class=\"grid-row\">\n<div id=\"col-gmff12b5\" class=\"wp-block-gutentor-m2-col col-gmff12b5 gutentor-module gutentor-dynamic-single-column grid-lg-6 grid-md-6 grid-12\"><div id=\"section-gmff12b5\" class=\"section-gmff12b5 gutentor-single-col\">\n<figure class=\"wp-block-image size-full\"><img decoding=\"async\" loading=\"lazy\" width=\"558\" height=\"558\" src=\"https:\/\/wilcotr.com\/wp-content\/uploads\/2024\/03\/dezenfekte-7.jpg\" alt=\"\" class=\"wp-image-879\" srcset=\"https:\/\/wilcotr.com\/wp-content\/uploads\/2024\/03\/dezenfekte-7.jpg 558w, https:\/\/wilcotr.com\/wp-content\/uploads\/2024\/03\/dezenfekte-7-300x300.jpg 300w, https:\/\/wilcotr.com\/wp-content\/uploads\/2024\/03\/dezenfekte-7-150x150.jpg 150w\" sizes=\"(max-width: 558px) 100vw, 558px\" \/><\/figure>\n<\/div><\/div>\n\n\n\n<div id=\"col-gmdf80e3\" class=\"wp-block-gutentor-m2-col col-gmdf80e3 gutentor-module gutentor-dynamic-single-column grid-lg-6 grid-md-6 grid-12\"><div id=\"section-gmdf80e3\" class=\"section-gmdf80e3 gutentor-single-col\">\n<div id=\"section-g121981\" class=\"wp-block-gutentor-e0 section-g121981 gutentor-element gutentor-element-advanced-text\"><div class=\"gutentor-text-wrap\"><h3 class=\"gutentor-text\">Disinfection Products and Service<\/h3><\/div><\/div>\n\n\n\n<div id=\"section-g8df03e\" class=\"wp-block-gutentor-e0 section-g8df03e gutentor-element gutentor-element-advanced-text\"><div class=\"gutentor-text-wrap\"><p class=\"gutentor-text\"><strong>DISINFECTING PRODUCTS<\/strong><br>In disinfection services, the chemical substance used to kill microorganisms on inanimate objects, the substance that kills pathogenic factors, is the process of killing or stopping the reproduction of pathogenic microorganisms other than bacterial endospores in the inanimate environment. For this purpose, we eliminate disease agents and provide a healthy, germ-free and hygienic environment for you with chemical substances that kill microbes, which are not used for living things but are used for devices and materials.<br>\u00a0<br>Operating room, intensive care, laboratory, office, home, bank, workplace, etc. It is used as hand disinfectant in all areas, as well as for floor and surface disinfection. It can be used with wiping or disinfection machines.<\/p><\/div><\/div>\n\n\n\n<div id=\"section-g609594\" class=\"wp-block-gutentor-e0 section-g609594 gutentor-element gutentor-element-advanced-text\"><div class=\"gutentor-text-wrap\"><p class=\"gutentor-text\"> <\/p><\/div><\/div>\n<\/div><\/div>\n<\/div><\/div><\/section>\n\n\n\n<p class=\"has-small-font-size\"><strong>Product features;<\/strong><br>It is not a concentrated product and is for direct use.<br>It has an odorless feature with its alcohol-free structure. Do not compare with alcohol-based products that are only valid for hands. Our product is an antiseptic product suitable for multi-purpose use. .(Since it does not contain alcohol, it can be used in all areas other than hands where microbes may occur.)<br>Since it is odorless, it can be used easily in the presence of staff and patients.<br>It cleans and disinfects in one step.<\/p>\n\n\n\n<p class=\"has-small-font-size\"><br>T.R. It has a biocidal license dated 14.05.2013 and numbered 2013\/107 obtained from the Ministry of Health.<br>To order products, you can order from our line 0212 590 99 65 on weekdays between 09:00-17:30.<br>Your payments are made by bank transfer. If desired, you can purchase it from our company's address with cash or credit card and make payment on-site.<br>Our products are sold in 5 and 20 LT drums.<br>Our products are produced in our vocational high schools with the knowledge and legal permission of the Ministry of National Education.<br>\u00a0<br><strong>Application Service:<\/strong><br>\u2013 We are a corporate company that provides insect and rodent disinfestation and disinfectant application services in all 81 provinces of Turkey.<br>Our references include private and public banks, courthouses, prisons, schools affiliated with national education, intercity and private public buses, gyms affiliated with the Ministry of Sports, private and public workplaces, and home disinfectant services.<\/p>\n\n\n\n<p class=\"has-small-font-size\"><br>In disinfection and disinfectant work, we use World Health Organization (WHO) and Ministry of Health approved drugs that are harmless to humans, animals and nature, but provide accurate results in the fight against insects and rodents.<\/p>\n\n\n\n<p class=\"has-small-font-size\"><br>As Wilco Group, we protect bacteria, microbes, etc., which are very important for human, animal and environmental health. In the fight against microorganisms, we carry out our modern, guaranteed and economical price principles, as well as the use of appropriate drugs and equipment, with our expert staff.<br>Our company continues its pest control activities worldwide 24\/7, and you can make an appointment, get a price, and get all kinds of information and support from our contact line at 0212 590 99 65 between 09:00-17:30 on weekdays.<\/p>\n\n\n\n<p class=\"has-small-font-size\"><br>As Wilco Group,\u00a0<strong>'Corona Virus'<\/strong>we carry out anti-disinfection practices. We use the best quality medicines and protect ourselves from viruses, bacteria, fungi, etc. in the environment. We use biocidal products approved by the Ministry of Health that are effective against all microorganisms. Corona spraying, when done regularly, is one of the main measures that should be taken to prevent the formation of diseases by destroying viruses that may occur in the environment. These pesticide applications must be carried out by professional companies and must be carried out using the most accurate methods and in a way that causes the least harm to the environment. Unconscious practices and the use of drugs without quality certificates can cause more harm than good to you and those around you.<\/p>\n\n\n\n<p class=\"has-small-font-size\"><br><strong>Some Sectors That Use and Apply Our Product;<\/strong><br>We provide disinfectant services in private and public banks, courthouses, prisons, schools affiliated with national education, intercity and private public buses, gyms affiliated with the Ministry of Sports, private and public workplaces, homes and residences, private and public schools, factories, hotels, shopping malls. available.<\/p>\n\n\n\n<p class=\"has-small-font-size\"><br><strong>If you would like to purchase or apply our disinfectant product, you can contact us via our contact lines.<\/strong>.<br>Our Communication Line: +90 (212) 590 99 65<br>E-Mail:\u00a0info@wilcotr.com\u200b<\/p>","protected":false},"excerpt":{"rendered":"<p>\u00dcr\u00fcn \u00d6zellikleri;Konsantre bir \u00fcr\u00fcn olmay\u0131p, direk kullan\u0131m i\u00e7indir.Alkol i\u00e7ermeyen yap\u0131s\u0131yla kokusuz bir \u00f6zelli\u011fe sahiptir. Sadece el i\u00e7in ge\u00e7erli olan alkol bazl\u0131 \u00fcr\u00fcnler ile mukayese etmeyiniz. \u00dcr\u00fcn\u00fcm\u00fcz \u00e7ok ama\u00e7l\u0131 kullan\u0131ma uygun antiseptik bir \u00fcr\u00fcnd\u00fcr. .( Alkol i\u00e7erisinde bulunmad\u0131\u011f\u0131 i\u00e7in el d\u0131\u015f\u0131nda mikrobun olabilece\u011fi ve olu\u015fabilece\u011fi t\u00fcm alanlarda kullan\u0131labilir.)Kokusuz oldu\u011fu i\u00e7in personel ve hastalar\u0131n varl\u0131\u011f\u0131nda rahatl\u0131kla kullan\u0131labilir.Tek [&hellip;]<\/p>","protected":false},"author":1,"featured_media":0,"parent":0,"menu_order":0,"comment_status":"closed","ping_status":"closed","template":"","meta":{"om_disable_all_campaigns":false,"_uf_show_specific_survey":0,"_uf_disable_surveys":false,"footnotes":""},"aioseo_notices":[],"_links":{"self":[{"href":"https:\/\/wilcotr.com\/en\/wp-json\/wp\/v2\/pages\/843"}],"collection":[{"href":"https:\/\/wilcotr.com\/en\/wp-json\/wp\/v2\/pages"}],"about":[{"href":"https:\/\/wilcotr.com\/en\/wp-json\/wp\/v2\/types\/page"}],"author":[{"embeddable":true,"href":"https:\/\/wilcotr.com\/en\/wp-json\/wp\/v2\/users\/1"}],"replies":[{"embeddable":true,"href":"https:\/\/wilcotr.com\/en\/wp-json\/wp\/v2\/comments?post=843"}],"version-history":[{"count":8,"href":"https:\/\/wilcotr.com\/en\/wp-json\/wp\/v2\/pages\/843\/revisions"}],"predecessor-version":[{"id":1386,"href":"https:\/\/wilcotr.com\/en\/wp-json\/wp\/v2\/pages\/843\/revisions\/1386"}],"wp:attachment":[{"href":"https:\/\/wilcotr.com\/en\/wp-json\/wp\/v2\/media?parent=843"}],"curies":[{"name":"wp","href":"https:\/\/api.w.org\/{rel}","templated":true}]}}