{"id":832,"date":"2024-03-26T17:44:43","date_gmt":"2024-03-26T14:44:43","guid":{"rendered":"https:\/\/wilcotr.com\/?page_id=832"},"modified":"2024-04-03T23:21:27","modified_gmt":"2024-04-03T20:21:27","slug":"dis-cephe-temizligi","status":"publish","type":"page","link":"https:\/\/wilcotr.com\/en\/dis-cephe-temizligi\/","title":{"rendered":"EXTERIOR CLEANING"},"content":{"rendered":"<section id=\"gmf8ba58f\" class=\"wp-block-gutentor-m2 section-gmf8ba58f gutentor-module gutentor-dynamic-columns\"><div class=\"grid-container\"><div class=\"grid-row\">\n<div id=\"col-gma81937\" class=\"wp-block-gutentor-m2-col col-gma81937 gutentor-module gutentor-dynamic-single-column grid-lg-6 grid-md-6 grid-12\"><div id=\"section-gma81937\" class=\"section-gma81937 gutentor-single-col\">\n<figure class=\"wp-block-image size-full\"><img decoding=\"async\" loading=\"lazy\" width=\"816\" height=\"550\" src=\"https:\/\/wilcotr.com\/wp-content\/uploads\/2024\/03\/b-dis-cephe-temizligi-2.jpg\" alt=\"\" class=\"wp-image-905\" srcset=\"https:\/\/wilcotr.com\/wp-content\/uploads\/2024\/03\/b-dis-cephe-temizligi-2.jpg 816w, https:\/\/wilcotr.com\/wp-content\/uploads\/2024\/03\/b-dis-cephe-temizligi-2-300x202.jpg 300w, https:\/\/wilcotr.com\/wp-content\/uploads\/2024\/03\/b-dis-cephe-temizligi-2-768x518.jpg 768w\" sizes=\"(max-width: 816px) 100vw, 816px\" \/><\/figure>\n<\/div><\/div>\n\n\n\n<div id=\"col-gmee5a20\" class=\"wp-block-gutentor-m2-col col-gmee5a20 gutentor-module gutentor-dynamic-single-column grid-lg-6 grid-md-6 grid-12\"><div id=\"section-gmee5a20\" class=\"section-gmee5a20 gutentor-single-col\">\n<div id=\"section-g548ccb\" class=\"wp-block-gutentor-e0 section-g548ccb gutentor-element gutentor-element-advanced-text\"><div class=\"gutentor-text-wrap\"><h3 class=\"gutentor-text\">Exterior Cleaning<\/h3><\/div><\/div>\n\n\n\n<div id=\"section-gb21b68\" class=\"wp-block-gutentor-e0 section-gb21b68 gutentor-element gutentor-element-advanced-text\"><div class=\"gutentor-text-wrap\"><p class=\"gutentor-text\">With our experience and knowledge in exterior glass cleaning, we are ready for your exterior glass cleaning job with our expert teams.\u00a0 <br><br>By prioritizing the safety of our staff, we safely offer you exterior glass cleaning service with our certified staff in accordance with the Occupational Health and Safety law, with a quality service approach. <br><br>When cleaning exterior surfaces, metal and glass surfaces should be treated differently and the cleaning chemicals on both surfaces should be unique. <\/p><\/div><\/div>\n\n\n\n<div id=\"section-gaf0c48\" class=\"wp-block-gutentor-e0 section-gaf0c48 gutentor-element gutentor-element-advanced-text\"><div class=\"gutentor-text-wrap\"><p class=\"gutentor-text\"> <\/p><\/div><\/div>\n<\/div><\/div>\n<\/div><\/div><\/section>\n\n\n\n<p class=\"has-small-font-size\">The chemicals used in exterior cleaning works, both for glass and metal cleaning, must be selected from products that have a TSE certificate and have been tested before on the surface. Because incorrectly used chemicals, exterior glass cleaning services do not go beyond an effective and permanent solution, but rather a service that damages the facade, on the contrary, it accelerates corrosion. In line with our research and experience, exterior glass cleaning should be done at least twice a year and protect your building against corrosion.<br>&nbsp;<br>&nbsp;<br>&nbsp;<br><strong>Our Exterior Window Cleaning Service Areas.<\/strong><br><strong>\u2013 Cleaning the exterior windows, signs, and advertising panels of bank branches.<\/strong><br><strong>\u2013 Exterior facade cleaning with a basket,&nbsp;<\/strong><br><strong>\u2013 Exterior facade cleaning with elevator access&nbsp;<\/strong><br><strong>\u2013 Cleaning the exterior glass of Kule Plaza Residence.&nbsp;<\/strong><br><strong>\u2013 Industrial Mountaineering System Cleaning Systems<\/strong><br><strong>\u2013 Exterior window cleaning using a crane, scissor lift, and telescopic handles.<\/strong><\/p>","protected":false},"excerpt":{"rendered":"<p>D\u0131\u015f cephe temizli\u011fi i\u015flerinde gerek cam, gerek metal temizlemelerinde kullan\u0131lan kimyasallar kesinlikle TSE belgesine sahip y\u00fczeye daha \u00f6nce test edilmi\u015f uygun \u00fcr\u00fcnlerden se\u00e7ilmelidir. Zira yanl\u0131\u015f kullan\u0131lan kimyasallar, d\u0131\u015f cephe cam temizli\u011fi hizmeti etkin ve kal\u0131c\u0131 \u00e7\u00f6z\u00fcmden \u00e7ok, cepheye zarar veren bir hizmetten \u00f6teye gitmez, aksine korozyonu h\u0131zland\u0131r\u0131r. Yap\u0131lan ara\u015ft\u0131rmalar ve tecr\u00fcbelerimiz do\u011frultusunda, d\u0131\u015f cephe cam [&hellip;]<\/p>","protected":false},"author":1,"featured_media":0,"parent":0,"menu_order":0,"comment_status":"closed","ping_status":"closed","template":"","meta":{"om_disable_all_campaigns":false,"_uf_show_specific_survey":0,"_uf_disable_surveys":false,"footnotes":""},"aioseo_notices":[],"_links":{"self":[{"href":"https:\/\/wilcotr.com\/en\/wp-json\/wp\/v2\/pages\/832"}],"collection":[{"href":"https:\/\/wilcotr.com\/en\/wp-json\/wp\/v2\/pages"}],"about":[{"href":"https:\/\/wilcotr.com\/en\/wp-json\/wp\/v2\/types\/page"}],"author":[{"embeddable":true,"href":"https:\/\/wilcotr.com\/en\/wp-json\/wp\/v2\/users\/1"}],"replies":[{"embeddable":true,"href":"https:\/\/wilcotr.com\/en\/wp-json\/wp\/v2\/comments?post=832"}],"version-history":[{"count":7,"href":"https:\/\/wilcotr.com\/en\/wp-json\/wp\/v2\/pages\/832\/revisions"}],"predecessor-version":[{"id":1746,"href":"https:\/\/wilcotr.com\/en\/wp-json\/wp\/v2\/pages\/832\/revisions\/1746"}],"wp:attachment":[{"href":"https:\/\/wilcotr.com\/en\/wp-json\/wp\/v2\/media?parent=832"}],"curies":[{"name":"wp","href":"https:\/\/api.w.org\/{rel}","templated":true}]}}