{"id":828,"date":"2024-03-26T17:42:29","date_gmt":"2024-03-26T14:42:29","guid":{"rendered":"https:\/\/wilcotr.com\/?page_id=828"},"modified":"2024-04-03T23:15:21","modified_gmt":"2024-04-03T20:15:21","slug":"toplu-tasima-arac-temizligi","status":"publish","type":"page","link":"https:\/\/wilcotr.com\/en\/toplu-tasima-arac-temizligi\/","title":{"rendered":"PUBLIC TRANSPORTATION VEHICLE CLEANING"},"content":{"rendered":"<section id=\"gm7f31240\" class=\"wp-block-gutentor-m2 section-gm7f31240 gutentor-module gutentor-dynamic-columns\"><div class=\"grid-container\"><div class=\"grid-row\">\n<div id=\"col-gmeb36ce\" class=\"wp-block-gutentor-m2-col col-gmeb36ce gutentor-module gutentor-dynamic-single-column grid-lg-6 grid-md-6 grid-12\"><div id=\"section-gmeb36ce\" class=\"section-gmeb36ce gutentor-single-col\">\n<figure class=\"wp-block-image size-full\"><img decoding=\"async\" loading=\"lazy\" width=\"800\" height=\"450\" src=\"https:\/\/wilcotr.com\/wp-content\/uploads\/2024\/03\/toplui-tasima.jpg\" alt=\"\" class=\"wp-image-903\" srcset=\"https:\/\/wilcotr.com\/wp-content\/uploads\/2024\/03\/toplui-tasima.jpg 800w, https:\/\/wilcotr.com\/wp-content\/uploads\/2024\/03\/toplui-tasima-300x169.jpg 300w, https:\/\/wilcotr.com\/wp-content\/uploads\/2024\/03\/toplui-tasima-768x432.jpg 768w\" sizes=\"(max-width: 800px) 100vw, 800px\" \/><\/figure>\n<\/div><\/div>\n\n\n\n<div id=\"col-gm83f267\" class=\"wp-block-gutentor-m2-col col-gm83f267 gutentor-module gutentor-dynamic-single-column grid-lg-6 grid-md-6 grid-12\"><div id=\"section-gm83f267\" class=\"section-gm83f267 gutentor-single-col\">\n<div id=\"section-g84c371\" class=\"wp-block-gutentor-e0 section-g84c371 gutentor-element gutentor-element-advanced-text\"><div class=\"gutentor-text-wrap\"><h3 class=\"gutentor-text\">Public Transport Vehicle Cleaning<\/h3><\/div><\/div>\n\n\n\n<div id=\"section-ga4001a\" class=\"wp-block-gutentor-e0 section-ga4001a gutentor-element gutentor-element-advanced-text\"><div class=\"gutentor-text-wrap\"><p class=\"gutentor-text\">Wilco Group introduced the concept of 'hygiene' to public transportation vehicle cleaning in Turkey... By taking a radical decision regarding the cleaning system, we put an end to the classical concept of cleaning and switched to hygienic cleaning, which provides a sterile environment for passengers. Because cleaning the public transportation vehicles that countless people use, breathe, touch and spend time in, with the classical cleaning approach, did not actually provide real cleaning.<br><\/p><\/div><\/div>\n\n\n\n<div id=\"section-gce81f8\" class=\"wp-block-gutentor-e0 section-gce81f8 gutentor-element gutentor-element-advanced-text\"><div class=\"gutentor-text-wrap\"><p class=\"gutentor-text\"> <\/p><\/div><\/div>\n<\/div><\/div>\n<\/div><\/div><\/section>\n\n\n\n<p class=\"has-small-font-size\">In the system we implement, in addition to general cleaning; Protective cleaning is carried out to prevent the bacteria that are carried from one place to another by people during the day from passing back to people.<br><br>In this context, for example, we disinfect the buses of IETT, the public transportation system that carries the most passengers in Turkey, every day. Because proper cleaning of public transportation vehicles is very important for public health. This is especially essential in large metropolises such as Istanbul.<br>Today, Wilco Group is responsible for the interior and exterior cleaning of 3 thousand IETT buses in Istanbul. This cleaning is not done by ordinary or traditional methods. It is carried out by Wilco's specially trained personnel and using the latest hygiene technologies. Moreover, in this regard, attention is paid to the use of substances that do not harm human health.<\/p>","protected":false},"excerpt":{"rendered":"<p>Bizim uygulad\u0131\u011f\u0131m\u0131z sistemde, genel temizli\u011fe ek olarak; insanlar arac\u0131l\u0131\u011f\u0131yla, g\u00fcn i\u00e7inde bir yerden bir yere ta\u015f\u0131nan bakterilerin, tekrar insanlara ge\u00e7memesi i\u00e7in koruma temizli\u011fi yap\u0131l\u0131yor. Bu kapsamda, \u00f6rne\u011fin T\u00fcrkiye\u2019nin en \u00e7ok yolcu ta\u015f\u0131yan toplu ta\u015f\u0131ma sistemi olan \u0130ETT\u2019ye ait &nbsp;Otob\u00fcsleri, her g\u00fcn dezenfekte ediyoruz. \u00c7\u00fcnk\u00fc toplu ta\u015f\u0131ma ara\u00e7lar\u0131n\u0131n do\u011fru temizli\u011fi, halk sa\u011fl\u0131\u011f\u0131 a\u00e7\u0131s\u0131ndan \u00e7ok \u00f6nemli. \u00d6zellikle [&hellip;]<\/p>","protected":false},"author":1,"featured_media":0,"parent":0,"menu_order":0,"comment_status":"closed","ping_status":"closed","template":"","meta":{"om_disable_all_campaigns":false,"_uf_show_specific_survey":0,"_uf_disable_surveys":false,"footnotes":""},"aioseo_notices":[],"_links":{"self":[{"href":"https:\/\/wilcotr.com\/en\/wp-json\/wp\/v2\/pages\/828"}],"collection":[{"href":"https:\/\/wilcotr.com\/en\/wp-json\/wp\/v2\/pages"}],"about":[{"href":"https:\/\/wilcotr.com\/en\/wp-json\/wp\/v2\/types\/page"}],"author":[{"embeddable":true,"href":"https:\/\/wilcotr.com\/en\/wp-json\/wp\/v2\/users\/1"}],"replies":[{"embeddable":true,"href":"https:\/\/wilcotr.com\/en\/wp-json\/wp\/v2\/comments?post=828"}],"version-history":[{"count":5,"href":"https:\/\/wilcotr.com\/en\/wp-json\/wp\/v2\/pages\/828\/revisions"}],"predecessor-version":[{"id":1381,"href":"https:\/\/wilcotr.com\/en\/wp-json\/wp\/v2\/pages\/828\/revisions\/1381"}],"wp:attachment":[{"href":"https:\/\/wilcotr.com\/en\/wp-json\/wp\/v2\/media?parent=828"}],"curies":[{"name":"wp","href":"https:\/\/api.w.org\/{rel}","templated":true}]}}