{"id":824,"date":"2024-03-26T17:38:54","date_gmt":"2024-03-26T14:38:54","guid":{"rendered":"https:\/\/wilcotr.com\/?page_id=824"},"modified":"2024-07-18T22:02:40","modified_gmt":"2024-07-18T19:02:40","slug":"fabrika-temizligi","status":"publish","type":"page","link":"https:\/\/wilcotr.com\/en\/fabrika-temizligi\/","title":{"rendered":"FACTORY CLEANING"},"content":{"rendered":"<section id=\"gmd299794\" class=\"wp-block-gutentor-m2 section-gmd299794 gutentor-module gutentor-dynamic-columns\"><div class=\"grid-container\"><div class=\"grid-row\">\n<div id=\"col-gmef51ca\" class=\"wp-block-gutentor-m2-col col-gmef51ca gutentor-module gutentor-dynamic-single-column grid-lg-6 grid-md-6 grid-12\"><div id=\"section-gmef51ca\" class=\"section-gmef51ca gutentor-single-col\">\n<figure class=\"wp-block-image size-full\"><img decoding=\"async\" loading=\"lazy\" width=\"1000\" height=\"667\" src=\"https:\/\/wilcotr.com\/wp-content\/uploads\/2024\/03\/fabrika-temizligi.png\" alt=\"\" class=\"wp-image-899\" srcset=\"https:\/\/wilcotr.com\/wp-content\/uploads\/2024\/03\/fabrika-temizligi.png 1000w, https:\/\/wilcotr.com\/wp-content\/uploads\/2024\/03\/fabrika-temizligi-300x200.png 300w, https:\/\/wilcotr.com\/wp-content\/uploads\/2024\/03\/fabrika-temizligi-768x512.png 768w\" sizes=\"(max-width: 1000px) 100vw, 1000px\" \/><\/figure>\n<\/div><\/div>\n\n\n\n<div id=\"col-gm2e5ea8\" class=\"wp-block-gutentor-m2-col col-gm2e5ea8 gutentor-module gutentor-dynamic-single-column grid-lg-6 grid-md-6 grid-12\"><div id=\"section-gm2e5ea8\" class=\"section-gm2e5ea8 gutentor-single-col\">\n<div id=\"section-g560a43\" class=\"wp-block-gutentor-e0 section-g560a43 gutentor-element gutentor-element-advanced-text\"><div class=\"gutentor-text-wrap\"><h3 class=\"gutentor-text\">Factory Cleaning<\/h3><\/div><\/div>\n\n\n\n<div id=\"section-g41939c\" class=\"wp-block-gutentor-e0 section-g41939c gutentor-element gutentor-element-advanced-text\"><div class=\"gutentor-text-wrap\"><p class=\"gutentor-text\">In terms of production activities, factories are production facilities equipped with various machines and where many people work in shifts. In this regard, factories, which are an environment where many machines work continuously, are places where many people breathe and work in production activities during working hours. Therefore, in addition to the pollution caused by the machines, factories also become heavily polluted during the day due to the garbage produced by the people working in them. <br><\/p><\/div><\/div>\n\n\n\n<div id=\"section-ge8fc87\" class=\"wp-block-gutentor-e0 section-ge8fc87 gutentor-element gutentor-element-advanced-text\"><div class=\"gutentor-text-wrap\"><p class=\"gutentor-text\"> <\/p><\/div><\/div>\n<\/div><\/div>\n<\/div><\/div><\/section>\n\n\n\n<p class=\"has-small-font-size\">The levels of pollution are so high that the amount of waste generated in factories daily can be measured in tons. While this varies from factory to factory, the pollution described above is present in almost all factories. The concept of factory cleaning, which emerged as a solution to this pollution problem, defines the activities involved in cleaning up the pollution that occurs in factories. <\/p>\n\n\n\n<p class=\"has-small-font-size\">Factory cleaning is a highly professional job. Furthermore, because it directly affects the health of the people working in the factory, it must be carried out meticulously. Factory cleaning, especially for floors and material areas, should be performed using previously tested, TSE-compliant chemicals and effective combined floor cleaning machines. Our goal is to complete the cleaning work flawlessly and thoroughly, providing you with a clean and hygienic environment.<br><br>Factory cleaning is a highly professional job. Furthermore, because it directly affects the health of the people working in the factory, it must be carried out meticulously. Factory cleaning, especially for floors and material areas, should be performed using previously tested, TSE-compliant chemicals and effective combined floor cleaning machines. Our goal is to complete the cleaning work flawlessly and thoroughly, providing you with a clean and hygienic environment.<br><br><strong>How to Clean a Factory<\/strong><br>Floor cleaning (done with Industrial Cleaning Machines and appropriate chemicals)<br>Cleaning of machines (Chemicals are brought according to the type of machine)<br>Cleaning of cable channels<br>Cleaning of lighting<br>Cleaning of staff areas (dining hall, changing rooms and toilet cleaning)<br>If there are polished areas, cleaning them with suitable chemicals that do not cause harm,<br>Polishing the areas to be polished, if requested,<br>If there are carpet areas, cleaning them with appropriate machines and chemicals,<br>Emptying garbage bins<br>Cleaning of offices and work areas<\/p>","protected":false},"excerpt":{"rendered":"<p>Bu kirlenme \u00f6l\u00e7\u00fcleri o kadar fazlad\u0131r ki fabrikalarda g\u00fcn i\u00e7erisinde ortaya \u00e7\u0131kan \u00e7\u00f6p miktar\u0131 tonlarla ifade edilebilmektedir. Tabi bu durum fabrikada fabrikaya de\u011fi\u015fse de hemen hemen b\u00fct\u00fcn fabrikalarda az \u00f6nce anlat\u0131lan kirlilik mevcut olmaktad\u0131r. Fabrikalarda ortaya \u00e7\u0131kan bu kirlilik sorununa \u00e7\u00f6z\u00fcm noktas\u0131nda ortaya \u00e7\u0131kan&nbsp;fabrika temizli\u011fi&nbsp;kavram\u0131, fabrikalarda olu\u015fan kirlili\u011fin temizlenmesi faaliyetleri tan\u0131mlayan bir kavram olarak ortaya [&hellip;]<\/p>","protected":false},"author":1,"featured_media":0,"parent":0,"menu_order":0,"comment_status":"closed","ping_status":"closed","template":"","meta":{"om_disable_all_campaigns":false,"_uf_show_specific_survey":0,"_uf_disable_surveys":false,"footnotes":""},"aioseo_notices":[],"_links":{"self":[{"href":"https:\/\/wilcotr.com\/en\/wp-json\/wp\/v2\/pages\/824"}],"collection":[{"href":"https:\/\/wilcotr.com\/en\/wp-json\/wp\/v2\/pages"}],"about":[{"href":"https:\/\/wilcotr.com\/en\/wp-json\/wp\/v2\/types\/page"}],"author":[{"embeddable":true,"href":"https:\/\/wilcotr.com\/en\/wp-json\/wp\/v2\/users\/1"}],"replies":[{"embeddable":true,"href":"https:\/\/wilcotr.com\/en\/wp-json\/wp\/v2\/comments?post=824"}],"version-history":[{"count":6,"href":"https:\/\/wilcotr.com\/en\/wp-json\/wp\/v2\/pages\/824\/revisions"}],"predecessor-version":[{"id":2201,"href":"https:\/\/wilcotr.com\/en\/wp-json\/wp\/v2\/pages\/824\/revisions\/2201"}],"wp:attachment":[{"href":"https:\/\/wilcotr.com\/en\/wp-json\/wp\/v2\/media?parent=824"}],"curies":[{"name":"wp","href":"https:\/\/api.w.org\/{rel}","templated":true}]}}