{"id":821,"date":"2024-03-26T17:36:23","date_gmt":"2024-03-26T14:36:23","guid":{"rendered":"https:\/\/wilcotr.com\/?page_id=821"},"modified":"2024-03-27T15:57:59","modified_gmt":"2024-03-27T12:57:59","slug":"okul-temizligi","status":"publish","type":"page","link":"https:\/\/wilcotr.com\/en\/okul-temizligi\/","title":{"rendered":"SCHOOL CLEANING"},"content":{"rendered":"<section id=\"gmd4adec0\" class=\"wp-block-gutentor-m2 section-gmd4adec0 gutentor-module gutentor-dynamic-columns\"><div class=\"grid-container\"><div class=\"grid-row\">\n<div id=\"col-gmab87ca\" class=\"wp-block-gutentor-m2-col col-gmab87ca gutentor-module gutentor-dynamic-single-column grid-lg-6 grid-md-6 grid-12\"><div id=\"section-gmab87ca\" class=\"section-gmab87ca gutentor-single-col\">\n<figure class=\"wp-block-image size-full\"><img decoding=\"async\" loading=\"lazy\" width=\"604\" height=\"395\" src=\"https:\/\/wilcotr.com\/wp-content\/uploads\/2024\/03\/okul.jpg\" alt=\"\" class=\"wp-image-895\" srcset=\"https:\/\/wilcotr.com\/wp-content\/uploads\/2024\/03\/okul.jpg 604w, https:\/\/wilcotr.com\/wp-content\/uploads\/2024\/03\/okul-300x196.jpg 300w\" sizes=\"(max-width: 604px) 100vw, 604px\" \/><\/figure>\n<\/div><\/div>\n\n\n\n<div id=\"col-gm0f519a\" class=\"wp-block-gutentor-m2-col col-gm0f519a gutentor-module gutentor-dynamic-single-column grid-lg-6 grid-md-6 grid-12\"><div id=\"section-gm0f519a\" class=\"section-gm0f519a gutentor-single-col\">\n<div id=\"section-gf7cbb9\" class=\"wp-block-gutentor-e0 section-gf7cbb9 gutentor-element gutentor-element-advanced-text\"><div class=\"gutentor-text-wrap\"><h3 class=\"gutentor-text\">School Cleaning<\/h3><\/div><\/div>\n\n\n\n<div id=\"section-g796e11\" class=\"wp-block-gutentor-e0 section-g796e11 gutentor-element gutentor-element-advanced-text\"><div class=\"gutentor-text-wrap\"><p class=\"gutentor-text\">We have determined that school cleaning in Turkey is done unconsciously and that there are no standards. We bring a new dimension to the school cleaning industry in Turkey with the School cleaning system we developed in our own R&amp;D department...<br><br>As we know, schools are the areas where infectious diseases spread the most. For this reason, school cleanliness is very important both in terms of providing education in healthy environments and protecting public health.<\/p><\/div><\/div>\n\n\n\n<div id=\"section-gef2c50\" class=\"wp-block-gutentor-e0 section-gef2c50 gutentor-element gutentor-element-advanced-text\"><div class=\"gutentor-text-wrap\"><p class=\"gutentor-text\"> <\/p><\/div><\/div>\n<\/div><\/div>\n<\/div><\/div><\/section>\n\n\n\n<p class=\"has-small-font-size\">We base school cleaning on EU standards for school cleaning. In this system, we use materials according to color codes and clean each unit of a school with materials of different colors. Thus, we offer students and families the opportunity to supervise the cleaning.<br><br>In the school cleaning system, cleaning is done moist, not wet. Because wet cleaning pollutes more than cleansing. In other words, it makes it easier for bacteria to spread. In moist cleaning, 100% hygiene is ensured by preventing the transfer of bacteria and cross-contamination. Specially designed mats are cleaned in special machines developed for the Project, moistened with environmentally friendly cleaning agents that do not harm human health, and packaged like wet wipes.<br>Ayr\u0131ca en \u00f6nemli detaylardan biri, kulland\u0131\u011f\u0131m\u0131z b\u00fct\u00fcn aletlerin ergonomik olmas\u0131. Yani ara\u00e7lar\u0131m\u0131z temizlik \u00e7al\u0131\u015fan\u0131 arkada\u015flar\u0131m\u0131z\u0131 fiziken keyifsiz etmiyor ve yormuyor. Temizlik \u00e7al\u0131\u015fanlar\u0131, mikrofiber paspas bezini de ba\u015fka silme bezlerini de bir defa kullan\u0131p, temizlemeye g\u00f6nderiyor. Her bez, t\u00fcr\u00fcne g\u00f6re hi\u00e7 bir zaman birbirine kar\u0131\u015ft\u0131r\u0131lmadan, de\u011fi\u015fik makinalarda y\u0131kan\u0131p, bir daha kullan\u0131ma haz\u0131r hale getiriliyor.<\/p>","protected":false},"excerpt":{"rendered":"<p>Okul temizli\u011finde, AB \u2019nin okul temizli\u011fi konusundaki standartlar\u0131n\u0131 baz al\u0131yoruz. Bu sistemde, renk kodlar\u0131na g\u00f6re malzeme kullan\u0131yor ve bir okulun her birimini ayr\u0131 renklerde malzemelerle temizliyoruz. B\u00f6ylece \u00f6\u011frencilere ve ailelere, yap\u0131lan temizli\u011fi denetleme f\u0131rsat\u0131 sunuyoruz. Okul temizlik sisteminde temizlik \u0131slak de\u011fil, nemli yap\u0131l\u0131yor. Zira \u0131slak temizlik, temizlemekten \u00e7ok kirletiyor. Yani bakterilerin yay\u0131lmas\u0131n\u0131 kolayla\u015ft\u0131r\u0131yor. Nemli temizlikte [&hellip;]<\/p>","protected":false},"author":1,"featured_media":0,"parent":0,"menu_order":0,"comment_status":"closed","ping_status":"closed","template":"","meta":{"om_disable_all_campaigns":false,"_uf_show_specific_survey":0,"_uf_disable_surveys":false,"footnotes":""},"aioseo_notices":[],"_links":{"self":[{"href":"https:\/\/wilcotr.com\/en\/wp-json\/wp\/v2\/pages\/821"}],"collection":[{"href":"https:\/\/wilcotr.com\/en\/wp-json\/wp\/v2\/pages"}],"about":[{"href":"https:\/\/wilcotr.com\/en\/wp-json\/wp\/v2\/types\/page"}],"author":[{"embeddable":true,"href":"https:\/\/wilcotr.com\/en\/wp-json\/wp\/v2\/users\/1"}],"replies":[{"embeddable":true,"href":"https:\/\/wilcotr.com\/en\/wp-json\/wp\/v2\/comments?post=821"}],"version-history":[{"count":4,"href":"https:\/\/wilcotr.com\/en\/wp-json\/wp\/v2\/pages\/821\/revisions"}],"predecessor-version":[{"id":898,"href":"https:\/\/wilcotr.com\/en\/wp-json\/wp\/v2\/pages\/821\/revisions\/898"}],"wp:attachment":[{"href":"https:\/\/wilcotr.com\/en\/wp-json\/wp\/v2\/media?parent=821"}],"curies":[{"name":"wp","href":"https:\/\/api.w.org\/{rel}","templated":true}]}}