{"id":496,"date":"2024-01-04T16:14:27","date_gmt":"2024-01-04T13:14:27","guid":{"rendered":"https:\/\/wilcotr.com\/?page_id=496"},"modified":"2024-05-20T15:56:58","modified_gmt":"2024-05-20T12:56:58","slug":"nerelerdeyiz","status":"publish","type":"page","link":"https:\/\/wilcotr.com\/en\/nerelerdeyiz\/","title":{"rendered":"WHERE ARE WE ?"},"content":{"rendered":"<div class=\"map_wrapper\" id=\"map_wrapper_1190\">\r\n<div class=\"map_box\" style=\"max-width:2000px\">\r\n<div class=\"map_aspect_ratio\" style=\"padding-top:40%\" data-padding-top=\"40%\" data-padding-top-mobile=\"0%\">\r\n<div class=\"map_container\">\r\n<div class=\"map_render map_loading\" id=\"map_1190\"><\/div>\r\n<\/div>\r\n<\/div>\r\n<\/div>\r\n<\/div><div class=\"map_wrapper\" id=\"map_wrapper_2110\">\r\n<div class=\"map_box\" style=\"max-width:150px\">\r\n<div class=\"map_aspect_ratio\" style=\"padding-top:56%\" data-padding-top=\"56%\" data-padding-top-mobile=\"0%\">\r\n<div class=\"map_container\">\r\n<div class=\"map_render map_loading\" id=\"map_2110\"><\/div>\r\n<\/div>\r\n<\/div>\r\n<\/div>\r\n<\/div>\n\n\n\n<section id=\"gm99d5a4b\" class=\"wp-block-gutentor-m2 section-gm99d5a4b gutentor-module gutentor-dynamic-columns\"><div class=\"grid-container\"><div class=\"grid-row\">\n<div id=\"col-gm207168\" class=\"wp-block-gutentor-m2-col col-gm207168 gutentor-module gutentor-dynamic-single-column grid-lg-2 grid-md-4 grid-6\"><div id=\"section-gm207168\" class=\"section-gm207168 gutentor-single-col\">\n<p class=\"has-small-font-size\">01 Adana<br>02 Ad\u0131yaman<br>03 Afyon<br>04 A\u011fr\u0131<br>05 Amasya<br>06 Ankara<br>07 Antalya<br>08 Artvin<br>09 Ayd\u0131n<br>10 Bal\u0131kesir<br>11 Bilecik<br>12 Bing\u00f6l<br>13 Bitlis<br>14 Bolu                                                                                                                                                                                                           <br>15 Burdur<br>16 Bursa<br><\/p>\n<\/div><\/div>\n\n\n\n<div id=\"col-gmc38607\" class=\"wp-block-gutentor-m2-col col-gmc38607 gutentor-module gutentor-dynamic-single-column grid-lg-2 grid-md-4 grid-6\"><div id=\"section-gmc38607\" class=\"section-gmc38607 gutentor-single-col\">\n<p class=\"has-small-font-size\">17 \u00c7anakkale<br>18 \u00c7ank\u0131r\u0131<br>19 \u00c7orum                                                                   <br>20 Denizli<br>21 Diyarbak\u0131r<br>22 Edirne<br>23 Elaz\u0131\u011f<br>24 Erzincan<br>25 Erzurum<br>26 Eski\u015fehir<br>27 Gaziantep                                   <br>28 Giresun<br>29 G\u00fcm\u00fc\u015fhane<br>30 Hakkari<br>31 Hatay<br>32 Isparta<\/p>\n<\/div><\/div>\n\n\n\n<div id=\"col-gm6e2b56\" class=\"wp-block-gutentor-m2-col col-gm6e2b56 gutentor-module gutentor-dynamic-single-column grid-lg-2 grid-md-4 grid-6\"><div id=\"section-gm6e2b56\" class=\"section-gm6e2b56 gutentor-single-col\">\n<p class=\"has-small-font-size\">33 \u0130\u00e7el (Mersin)<br>34 \u0130stanbul<br>35 \u0130zmir<br>36 Kars<br>37 Kastamonu<br>38 Kayseri<br>39 K\u0131rklareli<br>40 K\u0131r\u015fehir                                 <br>41 Kocaeli<br>42 Konya<br>43 K\u00fctahya<br>44 Malatya<br>45 Manisa                                    <br>46 K.Mara\u015f<br>47 Mardin<br>48 Mu\u011fla<\/p>\n<\/div><\/div>\n\n\n\n<div id=\"col-gmff4052\" class=\"wp-block-gutentor-m2-col col-gmff4052 gutentor-module gutentor-dynamic-single-column grid-lg-2 grid-md-4 grid-6\"><div id=\"section-gmff4052\" class=\"section-gmff4052 gutentor-single-col\">\n<p class=\"has-small-font-size\">49 Mu\u015f<br>50 Nev\u015fehir<br>51 Ni\u011fde<br>52 Ordu<br>53 Rize                    <br>54 Sakarya<br>55 Samsun<br>56 Siirt<br>57 Sinop<br>58 Sivas                                                         <br>59 Tekirda\u011f<br>60 Tokat<br>61 Trabzon<br>62 Tunceli<br>63 \u015eanl\u0131urfa<br>64 U\u015fak<\/p>\n<\/div><\/div>\n\n\n\n<div id=\"col-gma52b28\" class=\"wp-block-gutentor-m2-col col-gma52b28 gutentor-module gutentor-dynamic-single-column grid-lg-2 grid-md-4 grid-6\"><div id=\"section-gma52b28\" class=\"section-gma52b28 gutentor-single-col\">\n<p class=\"has-small-font-size\">65 Van<br>66 Yozgat                                      <br>67 Zonguldak<br>68 Aksaray<br>69 Bayburt<br>70 Karaman<br>71 K\u0131r\u0131kkale<br>72 Batman<br>73 \u015e\u0131rnak<br>74 Bart\u0131n<br>75 Ardahan<br>76 I\u011fd\u0131r<br>77 Yalova<br>78 Karab\u00fck<br>79 Kilis<br>80 Osmaniye<br>81 D\u00fczce<\/p>\n<\/div><\/div>\n\n\n\n<div id=\"col-gm62ba03\" class=\"wp-block-gutentor-m2-col col-gm62ba03 gutentor-module gutentor-dynamic-single-column grid-lg-2 grid-md-4 grid-6\"><div id=\"section-gm62ba03\" class=\"section-gm62ba03 gutentor-single-col\">\n<p class=\"has-small-font-size\"><strong>K.K.T.C. <\/strong><br>Girne <br>Lefko\u015fa <br>G. Ma\u011fusa<\/p>\n<\/div><\/div>\n\n\n\n<div id=\"col-gm2508a9\" class=\"wp-block-gutentor-m2-col col-gm2508a9 gutentor-module gutentor-dynamic-single-column grid-lg-2 grid-md-4 grid-6\"><div id=\"section-gm2508a9\" class=\"section-gm2508a9 gutentor-single-col\"><\/div><\/div>\n<\/div><\/div><\/section>","protected":false},"excerpt":{"rendered":"","protected":false},"author":1,"featured_media":0,"parent":0,"menu_order":0,"comment_status":"closed","ping_status":"closed","template":"","meta":{"om_disable_all_campaigns":false,"_uf_show_specific_survey":0,"_uf_disable_surveys":false,"footnotes":""},"aioseo_notices":[],"_links":{"self":[{"href":"https:\/\/wilcotr.com\/en\/wp-json\/wp\/v2\/pages\/496"}],"collection":[{"href":"https:\/\/wilcotr.com\/en\/wp-json\/wp\/v2\/pages"}],"about":[{"href":"https:\/\/wilcotr.com\/en\/wp-json\/wp\/v2\/types\/page"}],"author":[{"embeddable":true,"href":"https:\/\/wilcotr.com\/en\/wp-json\/wp\/v2\/users\/1"}],"replies":[{"embeddable":true,"href":"https:\/\/wilcotr.com\/en\/wp-json\/wp\/v2\/comments?post=496"}],"version-history":[{"count":32,"href":"https:\/\/wilcotr.com\/en\/wp-json\/wp\/v2\/pages\/496\/revisions"}],"predecessor-version":[{"id":2132,"href":"https:\/\/wilcotr.com\/en\/wp-json\/wp\/v2\/pages\/496\/revisions\/2132"}],"wp:attachment":[{"href":"https:\/\/wilcotr.com\/en\/wp-json\/wp\/v2\/media?parent=496"}],"curies":[{"name":"wp","href":"https:\/\/api.w.org\/{rel}","templated":true}]}}