{"id":437,"date":"2024-01-02T12:55:12","date_gmt":"2024-01-02T09:55:12","guid":{"rendered":"https:\/\/wilcotr.com\/?page_id=437"},"modified":"2024-04-03T22:43:56","modified_gmt":"2024-04-03T19:43:56","slug":"banka-temizligi","status":"publish","type":"page","link":"https:\/\/wilcotr.com\/en\/banka-temizligi\/","title":{"rendered":"Bank Cleaning"},"content":{"rendered":"<section id=\"gm37f7728\" class=\"wp-block-gutentor-m2 section-gm37f7728 gutentor-module gutentor-dynamic-columns\"><div class=\"grid-container\"><div class=\"grid-row\">\n<div id=\"col-gm36ea52\" class=\"wp-block-gutentor-m2-col col-gm36ea52 gutentor-module gutentor-dynamic-single-column grid-lg-6 grid-md-6 grid-12\"><div id=\"section-gm36ea52\" class=\"section-gm36ea52 gutentor-single-col\">\n<div id=\"section-g5ba5de\" class=\"wp-block-gutentor-e6 section-g5ba5de gutentor-element gutentor-element-image\"><div class=\"gutentor-element-image-box\"><div class=\"gutentor-image-thumb\"><img decoding=\"async\" class=\"normal-image\" src=\"https:\/\/wilcotr.com\/wp-content\/uploads\/2024\/03\/banka1.png\"\/><\/div><\/div><\/div>\n<\/div><\/div>\n\n\n\n<div id=\"col-gm7e8d21\" class=\"wp-block-gutentor-m2-col col-gm7e8d21 gutentor-module gutentor-dynamic-single-column grid-lg-6 grid-md-6 grid-12\"><div id=\"section-gm7e8d21\" class=\"section-gm7e8d21 gutentor-single-col\">\n<div id=\"section-ga5b7e6\" class=\"wp-block-gutentor-e0 section-ga5b7e6 gutentor-element gutentor-element-advanced-text\"><div class=\"gutentor-text-wrap\"><h3 class=\"gutentor-text\">Bank Cleaning<\/h3><\/div><\/div>\n\n\n\n<div id=\"section-gf20222\" class=\"wp-block-gutentor-e0 section-gf20222 gutentor-element gutentor-element-advanced-text\"><div class=\"gutentor-text-wrap\"><p class=\"gutentor-text\">In bank cleaning services, as in office and workplace cleaning, one of the important issues is not to disturb bank employees and customers during cleaning. Security is of particular importance in bank cleaning since your bank has special equipment and internal equipment specific to the bank structure. For this reason, the reliability of the cleaning personnel who will be responsible for cleaning the bank branch must be ensured and they must have worked in the field of cleaning for a long time and have experience. It is to provide you with a clean and hygienic environment by cleaning with cloth and bucket colors according to the color codes specified according to the areas of use, preventing cross microbes, and carrying out the cleaning work perfectly and completely. In bank cleanings, final checks are made by the bank official and the company official, and the work is delivered with the signed minutes.<br>\u00a0<br><strong>How to Clean a Bank.<\/strong><br>\u2022 For ATM cleaning, it is cleaned at certain times during the day with appropriate disinfection products, without damaging the magnet.<br>\u2022 Garbage bins are emptied and cleaned.<br>\u2022 The table is dusted with a substance suitable for its surface characteristics, and the items on it are placed after removing the dust.<br>\u2022 Coffee tables, sofas, chairs, cabinets and shelves, pictures and panels are dusted with appropriate materials.<br>\u2022 Computers and equipment, lighting systems and sockets are cleaned of dust, paying attention to the rules regarding the cleaning of electric vehicles.<br>\u2022 If there is a stain on the walls, the wall is cleaned with a chemical suitable for the surface.<br>\u2022 Camlarda leke varsa temizlenir. Pencere pervazlar\u0131n\u0131n, kap\u0131lar\u0131n tozu al\u0131n\u0131r.<br>\u2022 Curtains are checked. If there is a blind, dust is removed.<br>\u2022 Dust is removed from the air conditioning and ventilation unit.<br>\u2022 The leaves of the flowers are cleaned and the faded leaves are collected.<br>\u2022 The floor is cleaned with vacuum, and if there is any stain, it is cleaned with the appropriate method.<br>\u2022 Ceilings are checked and spider webs are cleaned. Windows and doors are cleaned.<br>\u2022 Seats are vacuumed and washed depending on the dirtiness.<br>\u2022 All items are dusted in detail, and if there are any stains, they are cleaned with dirt and stain solvents.<br>\u2022 Items that require polishing are polished.<br>\u2022 Walls are erased.<br>\u2022 Curtains are cleaned according to their type.<br>\u2022 Ventilation units are cleaned and maintained.<br><\/p><\/div><\/div>\n\n\n\n<div id=\"section-g597bb9\" class=\"wp-block-gutentor-e0 section-g597bb9 gutentor-element gutentor-element-advanced-text\"><div class=\"gutentor-text-wrap\"><p class=\"gutentor-text\"> <\/p><\/div><\/div>\n<\/div><\/div>\n<\/div><\/div><\/section>","protected":false},"excerpt":{"rendered":"","protected":false},"author":1,"featured_media":0,"parent":0,"menu_order":0,"comment_status":"closed","ping_status":"closed","template":"","meta":{"om_disable_all_campaigns":false,"_uf_show_specific_survey":0,"_uf_disable_surveys":false,"footnotes":""},"aioseo_notices":[],"_links":{"self":[{"href":"https:\/\/wilcotr.com\/en\/wp-json\/wp\/v2\/pages\/437"}],"collection":[{"href":"https:\/\/wilcotr.com\/en\/wp-json\/wp\/v2\/pages"}],"about":[{"href":"https:\/\/wilcotr.com\/en\/wp-json\/wp\/v2\/types\/page"}],"author":[{"embeddable":true,"href":"https:\/\/wilcotr.com\/en\/wp-json\/wp\/v2\/users\/1"}],"replies":[{"embeddable":true,"href":"https:\/\/wilcotr.com\/en\/wp-json\/wp\/v2\/comments?post=437"}],"version-history":[{"count":8,"href":"https:\/\/wilcotr.com\/en\/wp-json\/wp\/v2\/pages\/437\/revisions"}],"predecessor-version":[{"id":1607,"href":"https:\/\/wilcotr.com\/en\/wp-json\/wp\/v2\/pages\/437\/revisions\/1607"}],"wp:attachment":[{"href":"https:\/\/wilcotr.com\/en\/wp-json\/wp\/v2\/media?parent=437"}],"curies":[{"name":"wp","href":"https:\/\/api.w.org\/{rel}","templated":true}]}}