{"id":431,"date":"2024-01-02T12:51:46","date_gmt":"2024-01-02T09:51:46","guid":{"rendered":"https:\/\/wilcotr.com\/?page_id=431"},"modified":"2024-04-03T22:54:20","modified_gmt":"2024-04-03T19:54:20","slug":"hastane-temizligi","status":"publish","type":"page","link":"https:\/\/wilcotr.com\/en\/hastane-temizligi\/","title":{"rendered":"HOSPITAL CLEANING"},"content":{"rendered":"<section id=\"gmf252f9c\" class=\"wp-block-gutentor-m2 section-gmf252f9c gutentor-module gutentor-dynamic-columns\"><div class=\"grid-container\"><div class=\"grid-row\">\n<div id=\"col-gmec945d\" class=\"wp-block-gutentor-m2-col col-gmec945d gutentor-module gutentor-dynamic-single-column grid-lg-6 grid-md-6 grid-12\"><div id=\"section-gmec945d\" class=\"section-gmec945d gutentor-single-col\">\n<figure class=\"wp-block-image size-large\"><img decoding=\"async\" loading=\"lazy\" width=\"1024\" height=\"707\" src=\"https:\/\/wilcotr.com\/wp-content\/uploads\/2024\/03\/hospital-1024x707.jpg\" alt=\"\" class=\"wp-image-889\" srcset=\"https:\/\/wilcotr.com\/wp-content\/uploads\/2024\/03\/hospital-1024x707.jpg 1024w, https:\/\/wilcotr.com\/wp-content\/uploads\/2024\/03\/hospital-300x207.jpg 300w, https:\/\/wilcotr.com\/wp-content\/uploads\/2024\/03\/hospital-768x530.jpg 768w, https:\/\/wilcotr.com\/wp-content\/uploads\/2024\/03\/hospital-1536x1060.jpg 1536w, https:\/\/wilcotr.com\/wp-content\/uploads\/2024\/03\/hospital.jpg 2000w\" sizes=\"(max-width: 1024px) 100vw, 1024px\" \/><\/figure>\n<\/div><\/div>\n\n\n\n<div id=\"col-gm4351ce\" class=\"wp-block-gutentor-m2-col col-gm4351ce gutentor-module gutentor-dynamic-single-column grid-lg-6 grid-md-6 grid-12\"><div id=\"section-gm4351ce\" class=\"section-gm4351ce gutentor-single-col\">\n<div id=\"section-g82cef1\" class=\"wp-block-gutentor-e0 section-g82cef1 gutentor-element gutentor-element-advanced-text\"><div class=\"gutentor-text-wrap\"><h3 class=\"gutentor-text\">Hospital Cleaning<\/h3><\/div><\/div>\n\n\n\n<div id=\"section-ge50107\" class=\"wp-block-gutentor-e0 section-ge50107 gutentor-element gutentor-element-advanced-text\"><div class=\"gutentor-text-wrap\"><p class=\"gutentor-text\"><strong>Hospital Cleaning<\/strong><br>In hospital cleaning services, in order to prevent infections that may arise from the hospital environment and to create a healthy environment for patients, patient relatives and hospital employees, by following the specified cleaning rules, with the cleaning project we have developed as a special care and cleaning system for health, schools and public institutions, cross-sectional We provide you with a clean and hygienic environment by preventing microbes.<\/p><\/div><\/div>\n\n\n\n<div id=\"section-g556531\" class=\"wp-block-gutentor-e0 section-g556531 gutentor-element gutentor-element-advanced-text\"><div class=\"gutentor-text-wrap\"><p class=\"gutentor-text\"> <\/p><\/div><\/div>\n<\/div><\/div>\n<\/div><\/div><\/section>\n\n\n\n<p class=\"has-small-font-size\">\u2022It is a system that has been completely thought out by experts and enables effortless, hygienic and economical work.<br>\u2022How Does? Can be explained in a very easy to understand way<br>\u2022Economical, because washing intervals are predetermined by you<br>\u2022Reduces logistics expenses, is environmentally friendly<br>\u2022A better stock control self-control system<br>\u2022\u0130\u015fletme maliyetlerinden tasarruf<br>\u2022Standardized programs, therefore easy to use<br>\u2022Theft and loss in textiles are minimized<br>\u2022Flexibility is provided in tight moments (such as weekends, holidays)<br>\u2022No contractual obligations, therefore no additional costs<br>\u2022You do not need to carry heavy buckets. It does not require the use of cleaning solutions. Convenient and target-oriented work without time pressure, thanks to the mopping cloths that are ready to use without the need for dipping and squeezing.<br>\u2022Boxes can easily be placed in the cleaning trolley<br>\u2022Does not require bending or pressing<br>\u2022Thanks to single use, your heavy work can be cleaned effortlessly by dipping the textile into the bucket and pressing.<br>\u2022\u00a0 Low risk against contamination and unintentional contamination<br>\u2022Guaranteed Skin Protection<br>\u2022No contact with chemicals<br>\u2022Used textiles are prepared by chemo thermal process<br>\u2022 Completely cleared of dirt and organic loads (pathogenic microorganisms)<br>\u2022It is especially suitable for hygienic areas where body resistance may be sensitive.<br>\u2022The risk of cross contamination is low.<br>\u2022It is a perfect system for cleaning and disinfection<br>\u2022Can be used in both hospitals, clinics and public institution buildings<br>\u2022Protects the environment and the consumer<br>\u2022Provides ideal cleaning performance<br>\u2022Thanks to this system, effortless, hygienic and economical operation is ensured.<\/p>","protected":false},"excerpt":{"rendered":"<p>\u2022Tamamen \u00fczerinde uzmanlarca d\u00fc\u015f\u00fcn\u00fclm\u00fc\u015f, zahmetsiz, hijyenik ve ekonomik \u00e7al\u0131\u015fmay\u0131 m\u00fcmk\u00fcn k\u0131lan bir sistemdir.\u2022Nas\u0131l m\u0131? Olduk\u00e7a kolay anla\u015f\u0131labilir bir \u015fekilde izah edilebilir\u2022Ekonomik, \u00e7\u00fcnk\u00fc y\u0131kama aral\u0131klar\u0131 \u00f6nceden taraf\u0131n\u0131zdan belirlenmi\u015ftir\u2022Lojistik giderleri azalt\u0131r, \u00e7evre dostudur\u2022Daha iyi bir stok denetimi\u00a0 otokontrol sistemi\u2022\u0130\u015fletme maliyetlerinden tasarruf\u2022Standartla\u015ft\u0131r\u0131lm\u0131\u015f programlar, bu nedenle kolay kullan\u0131m\u2022Tekstilde h\u0131rs\u0131zl\u0131k ve kay\u0131p minimize edilir\u2022S\u0131k\u0131\u015f\u0131k anlarda (hafta sonlar\u0131, tatiller gibi) esneklik [&hellip;]<\/p>","protected":false},"author":1,"featured_media":0,"parent":0,"menu_order":0,"comment_status":"closed","ping_status":"closed","template":"","meta":{"om_disable_all_campaigns":false,"_uf_show_specific_survey":0,"_uf_disable_surveys":false,"footnotes":""},"aioseo_notices":[],"_links":{"self":[{"href":"https:\/\/wilcotr.com\/en\/wp-json\/wp\/v2\/pages\/431"}],"collection":[{"href":"https:\/\/wilcotr.com\/en\/wp-json\/wp\/v2\/pages"}],"about":[{"href":"https:\/\/wilcotr.com\/en\/wp-json\/wp\/v2\/types\/page"}],"author":[{"embeddable":true,"href":"https:\/\/wilcotr.com\/en\/wp-json\/wp\/v2\/users\/1"}],"replies":[{"embeddable":true,"href":"https:\/\/wilcotr.com\/en\/wp-json\/wp\/v2\/comments?post=431"}],"version-history":[{"count":7,"href":"https:\/\/wilcotr.com\/en\/wp-json\/wp\/v2\/pages\/431\/revisions"}],"predecessor-version":[{"id":1379,"href":"https:\/\/wilcotr.com\/en\/wp-json\/wp\/v2\/pages\/431\/revisions\/1379"}],"wp:attachment":[{"href":"https:\/\/wilcotr.com\/en\/wp-json\/wp\/v2\/media?parent=431"}],"curies":[{"name":"wp","href":"https:\/\/api.w.org\/{rel}","templated":true}]}}