{"id":2153,"date":"2024-06-13T12:47:42","date_gmt":"2024-06-13T09:47:42","guid":{"rendered":"https:\/\/wilcotr.com\/?page_id=2153"},"modified":"2024-11-18T15:50:15","modified_gmt":"2024-11-18T12:50:15","slug":"ziraat","status":"publish","type":"page","link":"https:\/\/wilcotr.com\/en\/ziraat\/","title":{"rendered":"Ziraat"},"content":{"rendered":"<div class=\"wp-block-contact-form-7-contact-form-selector\">\n<div class=\"wpcf7 no-js\" id=\"wpcf7-f2152-o1\" lang=\"tr-TR\" dir=\"ltr\">\n<div class=\"screen-reader-response\"><p role=\"status\" aria-live=\"polite\" aria-atomic=\"true\"><\/p> <ul><\/ul><\/div>\n<form action=\"\/en\/wp-json\/wp\/v2\/pages\/2153#wpcf7-f2152-o1\" method=\"post\" class=\"wpcf7-form init\" aria-label=\"Contact form\" novalidate=\"novalidate\" data-status=\"init\" data-trp-original-action=\"\/en\/wp-json\/wp\/v2\/pages\/2153#wpcf7-f2152-o1\">\n<div style=\"display: none;\">\n<input type=\"hidden\" name=\"_wpcf7\" value=\"2152\" \/>\n<input type=\"hidden\" name=\"_wpcf7_version\" value=\"5.8.3\" \/>\n<input type=\"hidden\" name=\"_wpcf7_locale\" value=\"tr_TR\" \/>\n<input type=\"hidden\" name=\"_wpcf7_unit_tag\" value=\"wpcf7-f2152-o1\" \/>\n<input type=\"hidden\" name=\"_wpcf7_container_post\" value=\"0\" \/>\n<input type=\"hidden\" name=\"_wpcf7_posted_data_hash\" value=\"\" \/>\n<input type=\"hidden\" name=\"_wpcf7_recaptcha_response\" value=\"\" \/>\n<\/div>\n<p><label> Ad\u0131n\u0131z Soyad\u0131n\u0131z<br \/>\n<span class=\"wpcf7-form-control-wrap\" data-name=\"your-name\"><input size=\"40\" class=\"wpcf7-form-control wpcf7-text wpcf7-validates-as-required\" autocomplete=\"name\" aria-required=\"true\" aria-invalid=\"false\" value=\"\" type=\"text\" name=\"your-name\" \/><\/span> <\/label>\n<\/p>\n<p><label> Telefon No<br \/>\n<span class=\"wpcf7-form-control-wrap\" data-name=\"tel-179\"><input size=\"40\" class=\"wpcf7-form-control wpcf7-tel wpcf7-validates-as-required wpcf7-text wpcf7-validates-as-tel\" aria-required=\"true\" aria-invalid=\"false\" value=\"\" type=\"tel\" name=\"tel-179\" \/><\/span> <\/label>\n<\/p>\n<p><label> \u015eube ad\u0131<br \/>\n<span class=\"wpcf7-form-control-wrap\" data-name=\"sube-adi\"><input size=\"40\" class=\"wpcf7-form-control wpcf7-text wpcf7-validates-as-required\" aria-required=\"true\" aria-invalid=\"false\" value=\"\" type=\"text\" name=\"sube-adi\" \/><\/span> <\/label>\n<\/p>\n<p><label> \u015eube \u0130li<br \/>\n<span class=\"wpcf7-form-control-wrap\" data-name=\"sube-ili\"><input size=\"40\" class=\"wpcf7-form-control wpcf7-text wpcf7-validates-as-required\" aria-required=\"true\" aria-invalid=\"false\" value=\"\" type=\"text\" name=\"sube-ili\" \/><\/span> <\/label>\n<\/p>\n<p><label> \u015eube \u0130l\u00e7esi<br \/>\n<span class=\"wpcf7-form-control-wrap\" data-name=\"sube-ilcesi\"><input size=\"40\" class=\"wpcf7-form-control wpcf7-text wpcf7-validates-as-required\" aria-required=\"true\" aria-invalid=\"false\" value=\"\" type=\"text\" name=\"sube-ilcesi\" \/><\/span> <\/label>\n<\/p>\n<p><!DOCTYPE html>\n<\/p>\n<html>\n\t<body>\n\t\t<table border=\"1\" style=\"width:100%\";>\n\t\t\t<tr>\n\t\t\t\t<center>\n\t\t\t\t\t<th>\n\t\t\t\t\t\t<p>\u00dcR\u00dcN<br \/>\nADI\n\t\t\t\t\t\t<\/p>\n\t\t\t\t\t<\/th>\n\t\t\t\t\t<th>\n\t\t\t\t\t\t<p>\u00dcR\u00dcN<br \/>\nRESM\u0130\n\t\t\t\t\t\t<\/p>\n\t\t\t\t\t<\/th>\n\t\t\t\t\t<th>\n\t\t\t\t\t\t<p>\u00dcR\u00dcN<br \/>\nADET\u0130\n\t\t\t\t\t\t<\/p>\n\t\t\t\t\t<\/th>\n\t\t\t\t<\/center>\n\t\t\t<\/tr>\n\t\t\t<tr>\n\t\t\t\t<td>\n\t\t\t\t\t<p>Y\u00fczey<br \/>\nTemizleyici\n\t\t\t\t\t<\/p>\n\t\t\t\t<\/td>\n\t\t\t\t<td>\n\t\t\t\t\t<p><img src=\"https:\/\/wilcotr.com\/wp-content\/uploads\/2024\/06\/tex-yuzey.jpg\" alt=\"\" width=\"100\" height=\"100\" \/>\n\t\t\t\t\t<\/p>\n\t\t\t\t<\/td>\n\t\t\t\t<td>\n\t\t\t\t\t<p><span class=\"wpcf7-form-control-wrap\" data-name=\"yuzeytemadet\"><select class=\"wpcf7-form-control wpcf7-select wpcf7-validates-as-required\" aria-required=\"true\" aria-invalid=\"false\" name=\"yuzeytemadet\"><option value=\"Se\u00e7iniz\">Se\u00e7iniz<\/option><option value=\"0 ADET\">0 ADET<\/option><option value=\"1 ADET\">1 ADET<\/option><option value=\"2 ADET\">2 ADET<\/option><\/select><\/span>\n\t\t\t\t\t<\/p>\n\t\t\t\t<\/td>\n\t\t\t<\/tr>\n\t\t\t<tr>\n\t\t\t\t<td>\n\t\t\t\t\t<p>\u00c7ama\u015f\u0131r<br \/>\nSuyu\n\t\t\t\t\t<\/p>\n\t\t\t\t<\/td>\n\t\t\t\t<td>\n\t\t\t\t\t<p><img src=\"https:\/\/wilcotr.com\/wp-content\/uploads\/2024\/06\/tex-camasirsuyu.jpg\" alt=\"\" width=\"100\" height=\"100\" \/>\n\t\t\t\t\t<\/p>\n\t\t\t\t<\/td>\n\t\t\t\t<td>\n\t\t\t\t\t<p><span class=\"wpcf7-form-control-wrap\" data-name=\"camsuyuadet\"><select class=\"wpcf7-form-control wpcf7-select wpcf7-validates-as-required\" aria-required=\"true\" aria-invalid=\"false\" name=\"camsuyuadet\"><option value=\"Se\u00e7iniz\">Se\u00e7iniz<\/option><option value=\"0 ADET\">0 ADET<\/option><option value=\"1 ADET\">1 ADET<\/option><option value=\"2 ADET\">2 ADET<\/option><\/select><\/span>\n\t\t\t\t\t<\/p>\n\t\t\t\t<\/td>\n\t\t\t<\/tr>\n\t\t\t<tr>\n\t\t\t\t<td>\n\t\t\t\t\t<p>Banyo-WC<br \/>\nTemizleyici\n\t\t\t\t\t<\/p>\n\t\t\t\t<\/td>\n\t\t\t\t<td>\n\t\t\t\t\t<p><img src=\"https:\/\/wilcotr.com\/wp-content\/uploads\/2024\/06\/tex-banyo-wc.jpg\" alt=\"\" width=\"100\" height=\"100\" \/>\n\t\t\t\t\t<\/p>\n\t\t\t\t<\/td>\n\t\t\t\t<td>\n\t\t\t\t\t<p><span class=\"wpcf7-form-control-wrap\" data-name=\"banyotemadet\"><select class=\"wpcf7-form-control wpcf7-select wpcf7-validates-as-required\" aria-required=\"true\" aria-invalid=\"false\" name=\"banyotemadet\"><option value=\"Se\u00e7iniz\">Se\u00e7iniz<\/option><option value=\"0 ADET\">0 ADET<\/option><option value=\"1 ADET\">1 ADET<\/option><option value=\"2 ADET\">2 ADET<\/option><option value=\"3 ADET\">3 ADET<\/option><\/select><\/span>\n\t\t\t\t\t<\/p>\n\t\t\t\t<\/td>\n\t\t\t<\/tr>\n\t\t\t<tr>\n\t\t\t\t<td>\n\t\t\t\t\t<p>Amonyakl\u0131<br \/>\nKrem (C\u0130F)\n\t\t\t\t\t<\/p>\n\t\t\t\t<\/td>\n\t\t\t\t<td>\n\t\t\t\t\t<p><img src=\"https:\/\/wilcotr.com\/wp-content\/uploads\/2024\/06\/tex-amonyakli-krem.jpg\" alt=\"\" width=\"100\" height=\"100\" \/>\n\t\t\t\t\t<\/p>\n\t\t\t\t<\/td>\n\t\t\t\t<td>\n\t\t\t\t\t<p><span class=\"wpcf7-form-control-wrap\" data-name=\"cifadet\"><select class=\"wpcf7-form-control wpcf7-select wpcf7-validates-as-required\" aria-required=\"true\" aria-invalid=\"false\" name=\"cifadet\"><option value=\"Se\u00e7iniz\">Se\u00e7iniz<\/option><option value=\"0 ADET\">0 ADET<\/option><option value=\"1 ADET\">1 ADET<\/option><option value=\"2 ADET\">2 ADET<\/option><\/select><\/span>\n\t\t\t\t\t<\/p>\n\t\t\t\t<\/td>\n\t\t\t<\/tr>\n\t\t\t<tr>\n\t\t\t\t<td>\n\t\t\t\t\t<p>Cam Bezi<br \/>\nBaklava<br \/>\nDesen\n\t\t\t\t\t<\/p>\n\t\t\t\t<\/td>\n\t\t\t\t<td>\n\t\t\t\t\t<p><img src=\"https:\/\/wilcotr.com\/wp-content\/uploads\/2024\/06\/cambezi-baklava.jpg\" alt=\"\" width=\"100\" height=\"100\" \/>\n\t\t\t\t\t<\/p>\n\t\t\t\t<\/td>\n\t\t\t\t<td>\n\t\t\t\t\t<p><span class=\"wpcf7-form-control-wrap\" data-name=\"bezadet\"><select class=\"wpcf7-form-control wpcf7-select wpcf7-validates-as-required\" aria-required=\"true\" aria-invalid=\"false\" name=\"bezadet\"><option value=\"Se\u00e7iniz\">Se\u00e7iniz<\/option><option value=\"0 ADET\">0 ADET<\/option><option value=\"1 ADET\">1 ADET<\/option><option value=\"2 ADET\">2 ADET<\/option><option value=\"3 ADET\">3 ADET<\/option><option value=\"4 ADET\">4 ADET<\/option><option value=\"5 ADET\">5 ADET<\/option><option value=\"6 ADET\">6 ADET<\/option><\/select><\/span>\n\t\t\t\t\t<\/p>\n\t\t\t\t<\/td>\n\t\t\t<\/tr>\n\t\t\t<tr>\n\t\t\t\t<td>\n\t\t\t\t\t<p>Mop\n\t\t\t\t\t<\/p>\n\t\t\t\t<\/td>\n\t\t\t\t<td>\n\t\t\t\t\t<p><img src=\"https:\/\/wilcotr.com\/wp-content\/uploads\/2024\/06\/nemli-mob.jpg\" alt=\"\" width=\"100\" height=\"100\" \/>\n\t\t\t\t\t<\/p>\n\t\t\t\t<\/td>\n\t\t\t\t<td>\n\t\t\t\t\t<p><span class=\"wpcf7-form-control-wrap\" data-name=\"mopadet\"><select class=\"wpcf7-form-control wpcf7-select wpcf7-validates-as-required\" aria-required=\"true\" aria-invalid=\"false\" name=\"mopadet\"><option value=\"Se\u00e7iniz\">Se\u00e7iniz<\/option><option value=\"0 ADET\">0 ADET<\/option><option value=\"1 ADET\">1 ADET<\/option><option value=\"2 ADET\">2 ADET<\/option><option value=\"3 ADET\">3 ADET<\/option><option value=\"4 ADET\">4 ADET<\/option><option value=\"5 ADET\">5 ADET<\/option><option value=\"6 ADET\">6 ADET<\/option><\/select><\/span>\n\t\t\t\t\t<\/p>\n\t\t\t\t<\/td>\n\t\t\t<\/tr>\n\t\t\t<tr>\n\t\t\t\t<td>\n\t\t\t\t\t<p>Kaskam<br \/>\nMop\n\t\t\t\t\t<\/p>\n\t\t\t\t<\/td>\n\t\t\t\t<td>\n\t\t\t\t\t<p><img src=\"https:\/\/wilcotr.com\/wp-content\/uploads\/2024\/06\/kaskam-mob.jpg\" alt=\"\" width=\"100\" height=\"100\" \/>\n\t\t\t\t\t<\/p>\n\t\t\t\t<\/td>\n\t\t\t\t<td>\n\t\t\t\t\t<p><span class=\"wpcf7-form-control-wrap\" data-name=\"kaskamadet\"><select class=\"wpcf7-form-control wpcf7-select wpcf7-validates-as-required\" aria-required=\"true\" aria-invalid=\"false\" name=\"kaskamadet\"><option value=\"Se\u00e7iniz\">Se\u00e7iniz<\/option><option value=\"0 ADET\">0 ADET<\/option><option value=\"1 ADET\">1 ADET<\/option><option value=\"2 ADET\">2 ADET<\/option><option value=\"3 ADET\">3 ADET<\/option><option value=\"4 ADET\">4 ADET<\/option><option value=\"5 ADET\">5 ADET<\/option><option value=\"6 ADET\">6 ADET<\/option><\/select><\/span>\n\t\t\t\t\t<\/p>\n\t\t\t\t<\/td>\n\t\t\t<\/tr>\n\t\t\t<tr>\n\t\t\t\t<td>\n\t\t\t\t\t<p>Jumbo<br \/>\n\u00c7\u00f6p<br \/>\nPo\u015feti\n\t\t\t\t\t<\/p>\n\t\t\t\t<\/td>\n\t\t\t\t<td>\n\t\t\t\t\t<p><img src=\"https:\/\/wilcotr.com\/wp-content\/uploads\/2024\/06\/flarex-gold.jpg\" alt=\"\" width=\"100\" height=\"100\" \/>\n\t\t\t\t\t<\/p>\n\t\t\t\t<\/td>\n\t\t\t\t<td>\n\t\t\t\t\t<p><span class=\"wpcf7-form-control-wrap\" data-name=\"jumboadet\"><select class=\"wpcf7-form-control wpcf7-select wpcf7-validates-as-required\" aria-required=\"true\" aria-invalid=\"false\" name=\"jumboadet\"><option value=\"Se\u00e7iniz\">Se\u00e7iniz<\/option><option value=\"0 ADET\">0 ADET<\/option><option value=\"1 ADET\">1 ADET<\/option><option value=\"2 ADET\">2 ADET<\/option><option value=\"3 ADET\">3 ADET<\/option><option value=\"4 ADET\">4 ADET<\/option><option value=\"5 ADET\">5 ADET<\/option><option value=\"6 ADET\">6 ADET<\/option><option value=\"7 ADET\">7 ADET<\/option><option value=\"8 ADET\">8 ADET<\/option><option value=\"9 ADET\">9 ADET<\/option><option value=\"10 ADET\">10 ADET<\/option><option value=\"11 ADET\">11 ADET<\/option><option value=\"12 ADET\">12 ADET<\/option><option value=\"13 ADET\">13 ADET<\/option><option value=\"14 ADET\">14 ADET<\/option><option value=\"15 ADET\">15 ADET<\/option><option value=\"16 ADET\">16 ADET<\/option><option value=\"17 ADET\">17 ADET<\/option><option value=\"18 ADET\">18 ADET<\/option><option value=\"19 ADET\">19 ADET<\/option><option value=\"20 ADET\">20 ADET<\/option><\/select><\/span>\n\t\t\t\t\t<\/p>\n\t\t\t\t<\/td>\n\t\t\t<\/tr>\n\t\t\t<tr>\n\t\t\t\t<td>\n\t\t\t\t\t<p>Ortaboy<br \/>\n\u00c7\u00f6p<br \/>\nPo\u015feti\n\t\t\t\t\t<\/p>\n\t\t\t\t<\/td>\n\t\t\t\t<td>\n\t\t\t\t\t<p><img src=\"https:\/\/wilcotr.com\/wp-content\/uploads\/2024\/06\/florex-standart.jpg\" alt=\"\" width=\"100\" height=\"100\" \/>\n\t\t\t\t\t<\/p>\n\t\t\t\t<\/td>\n\t\t\t\t<td>\n\t\t\t\t\t<p><span class=\"wpcf7-form-control-wrap\" data-name=\"ortaboyadet\"><select class=\"wpcf7-form-control wpcf7-select wpcf7-validates-as-required\" aria-required=\"true\" aria-invalid=\"false\" name=\"ortaboyadet\"><option value=\"Se\u00e7iniz\">Se\u00e7iniz<\/option><option value=\"0 ADET\">0 ADET<\/option><option value=\"1 ADET\">1 ADET<\/option><option value=\"2 ADET\">2 ADET<\/option><option value=\"3 ADET\">3 ADET<\/option><option value=\"4 ADET\">4 ADET<\/option><option value=\"5 ADET\">5 ADET<\/option><option value=\"6 ADET\">6 ADET<\/option><option value=\"7 ADET\">7 ADET<\/option><option value=\"8 ADET\">8 ADET<\/option><option value=\"9 ADET\">9 ADET<\/option><option value=\"10 ADET\">10 ADET<\/option><\/select><\/span>\n\t\t\t\t\t<\/p>\n\t\t\t\t<\/td>\n\t\t\t<\/tr>\n\t\t\t<tr>\n\t\t\t\t<td>\n\t\t\t\t\t<p>Vileda<br \/>\nKovas\u0131\n\t\t\t\t\t<\/p>\n\t\t\t\t<\/td>\n\t\t\t\t<td>\n\t\t\t\t\t<p><img src=\"https:\/\/wilcotr.com\/wp-content\/uploads\/2024\/06\/vileda-kovasi.jpg\" alt=\"\" width=\"100\" height=\"100\" \/>\n\t\t\t\t\t<\/p>\n\t\t\t\t<\/td>\n\t\t\t\t<td>\n\t\t\t\t\t<p>\u0130htiyac\u0131m<span class=\"wpcf7-form-control-wrap\" data-name=\"viledakova\"><select class=\"wpcf7-form-control wpcf7-select wpcf7-validates-as-required\" aria-required=\"true\" aria-invalid=\"false\" name=\"viledakova\"><option value=\"Se\u00e7iniz\">Se\u00e7iniz<\/option><option value=\"Var\">Var<\/option><option value=\"Yok\">Yok<\/option><\/select><\/span>\n\t\t\t\t\t<\/p>\n\t\t\t\t<\/td>\n\t\t\t<\/tr>\n\t\t\t<tr>\n\t\t\t\t<td>\n\t\t\t\t\t<p>Su Kovas\u0131<br \/>\n10lt\n\t\t\t\t\t<\/p>\n\t\t\t\t<\/td>\n\t\t\t\t<td>\n\t\t\t\t\t<p><img src=\"https:\/\/wilcotr.com\/wp-content\/uploads\/2024\/06\/kova-10lt.jpg\" alt=\"\" width=\"100\" height=\"100\" \/>\n\t\t\t\t\t<\/p>\n\t\t\t\t<\/td>\n\t\t\t\t<td>\n\t\t\t\t\t<p>\u0130htiyac\u0131m<span class=\"wpcf7-form-control-wrap\" data-name=\"sukova\"><select class=\"wpcf7-form-control wpcf7-select wpcf7-validates-as-required\" aria-required=\"true\" aria-invalid=\"false\" name=\"sukova\"><option value=\"Se\u00e7iniz\">Se\u00e7iniz<\/option><option value=\"Var\">Var<\/option><option value=\"Yok\">Yok<\/option><\/select><\/span>\n\t\t\t\t\t<\/p>\n\t\t\t\t<\/td>\n\t\t\t<\/tr>\n\t\t\t<tr>\n\t\t\t\t<td>\n\t\t\t\t\t<p>\u00c7ift Koval\u0131<br \/>\nTemizlik<br \/>\nArabas\u0131\n\t\t\t\t\t<\/p>\n\t\t\t\t<\/td>\n\t\t\t\t<td>\n\t\t\t\t\t<p><img src=\"https:\/\/wilcotr.com\/wp-content\/uploads\/2024\/06\/cift-kovali.jpg\" alt=\"\" width=\"100\" height=\"100\" \/>\n\t\t\t\t\t<\/p>\n\t\t\t\t<\/td>\n\t\t\t\t<td>\n\t\t\t\t\t<p>\u0130htiyac\u0131m<span class=\"wpcf7-form-control-wrap\" data-name=\"ciftkova\"><select class=\"wpcf7-form-control wpcf7-select wpcf7-validates-as-required\" aria-required=\"true\" aria-invalid=\"false\" name=\"ciftkova\"><option value=\"Se\u00e7iniz\">Se\u00e7iniz<\/option><option value=\"Var\">Var<\/option><option value=\"Yok\">Yok<\/option><\/select><\/span>\n\t\t\t\t\t<\/p>\n\t\t\t\t<\/td>\n\t\t\t<\/tr>\n\t\t\t<tr>\n\t\t\t\t<td>\n\t\t\t\t\t<p>Yersil<br \/>\nK\u00fc\u00e7\u00fck<br \/>\nB\u00fcy\u00fck\n\t\t\t\t\t<\/p>\n\t\t\t\t<\/td>\n\t\t\t\t<td>\n\t\t\t\t\t<p><img src=\"https:\/\/wilcotr.com\/wp-content\/uploads\/2024\/06\/versil.jpg\" alt=\"\" width=\"100\" height=\"100\" \/>\n\t\t\t\t\t<\/p>\n\t\t\t\t<\/td>\n\t\t\t\t<td>\n\t\t\t\t\t<p>\u0130htiyac\u0131m<span class=\"wpcf7-form-control-wrap\" data-name=\"yersil\"><select class=\"wpcf7-form-control wpcf7-select wpcf7-validates-as-required\" aria-required=\"true\" aria-invalid=\"false\" name=\"yersil\"><option value=\"Se\u00e7iniz\">Se\u00e7iniz<\/option><option value=\"Var\">Var<\/option><option value=\"Yok\">Yok<\/option><\/select><\/span>\n\t\t\t\t\t<\/p>\n\t\t\t\t<\/td>\n\t\t\t<\/tr>\n\t\t\t<tr>\n\t\t\t\t<td>\n\t\t\t\t\t<p>Metal<br \/>\nCam \u00c7ekk\n\t\t\t\t\t<\/p>\n\t\t\t\t<\/td>\n\t\t\t\t<td>\n\t\t\t\t\t<p><img src=\"https:\/\/wilcotr.com\/wp-content\/uploads\/2024\/06\/metal-camcek.jpg\" alt=\"\" width=\"100\" height=\"100\" \/>\n\t\t\t\t\t<\/p>\n\t\t\t\t<\/td>\n\t\t\t\t<td>\n\t\t\t\t\t<p>\u0130htiyac\u0131m<span class=\"wpcf7-form-control-wrap\" data-name=\"metalcamcek\"><select class=\"wpcf7-form-control wpcf7-select wpcf7-validates-as-required\" aria-required=\"true\" aria-invalid=\"false\" name=\"metalcamcek\"><option value=\"Se\u00e7iniz\">Se\u00e7iniz<\/option><option value=\"Var\">Var<\/option><option value=\"Yok\">Yok<\/option><\/select><\/span>\n\t\t\t\t\t<\/p>\n\t\t\t\t<\/td>\n\t\t\t<\/tr>\n\t\t\t<tr>\n\t\t\t\t<td>\n\t\t\t\t\t<p>Tel<br \/>\nF\u0131r\u00e7a\n\t\t\t\t\t<\/p>\n\t\t\t\t<\/td>\n\t\t\t\t<td>\n\t\t\t\t\t<p><img src=\"https:\/\/wilcotr.com\/wp-content\/uploads\/2024\/06\/tel-firca.jpg\" alt=\"\" width=\"100\" height=\"100\" \/>\n\t\t\t\t\t<\/p>\n\t\t\t\t<\/td>\n\t\t\t\t<td>\n\t\t\t\t\t<p>\u0130htiyac\u0131m<span class=\"wpcf7-form-control-wrap\" data-name=\"telfirca\"><select class=\"wpcf7-form-control wpcf7-select wpcf7-validates-as-required\" aria-required=\"true\" aria-invalid=\"false\" name=\"telfirca\"><option value=\"Se\u00e7iniz\">Se\u00e7iniz<\/option><option value=\"Var\">Var<\/option><option value=\"Yok\">Yok<\/option><\/select><\/span>\n\t\t\t\t\t<\/p>\n\t\t\t\t<\/td>\n\t\t\t<\/tr>\n\t\t\t<tr>\n\t\t\t\t<td>\n\t\t\t\t\t<p>Oto<br \/>\nF\u0131r\u00e7a\n\t\t\t\t\t<\/p>\n\t\t\t\t<\/td>\n\t\t\t\t<td>\n\t\t\t\t\t<p><img src=\"https:\/\/wilcotr.com\/wp-content\/uploads\/2024\/06\/oto-firca.jpg\" alt=\"\" width=\"100\" height=\"100\" \/>\n\t\t\t\t\t<\/p>\n\t\t\t\t<\/td>\n\t\t\t\t<td>\n\t\t\t\t\t<p>\u0130htiyac\u0131m<span class=\"wpcf7-form-control-wrap\" data-name=\"otofirca\"><select class=\"wpcf7-form-control wpcf7-select wpcf7-validates-as-required\" aria-required=\"true\" aria-invalid=\"false\" name=\"otofirca\"><option value=\"Se\u00e7iniz\">Se\u00e7iniz<\/option><option value=\"Var\">Var<\/option><option value=\"Yok\">Yok<\/option><\/select><\/span>\n\t\t\t\t\t<\/p>\n\t\t\t\t<\/td>\n\t\t\t<\/tr>\n\t\t\t<tr>\n\t\t\t\t<td>\n\t\t\t\t\t<p>Bula\u015f\u0131k<br \/>\nS\u00fcngeri\n\t\t\t\t\t<\/p>\n\t\t\t\t<\/td>\n\t\t\t\t<td>\n\t\t\t\t\t<p><img src=\"https:\/\/wilcotr.com\/wp-content\/uploads\/2024\/06\/bulasiksungeri.jpg\" alt=\"\" width=\"100\" height=\"100\" \/>\n\t\t\t\t\t<\/p>\n\t\t\t\t<\/td>\n\t\t\t\t<td>\n\t\t\t\t\t<p>\u0130htiyac\u0131m<span class=\"wpcf7-form-control-wrap\" data-name=\"bulsunger\"><select class=\"wpcf7-form-control wpcf7-select wpcf7-validates-as-required\" aria-required=\"true\" aria-invalid=\"false\" name=\"bulsunger\"><option value=\"Se\u00e7iniz\">Se\u00e7iniz<\/option><option value=\"Var\">Var<\/option><option value=\"Yok\">Yok<\/option><\/select><\/span>\n\t\t\t\t\t<\/p>\n\t\t\t\t<\/td>\n\t\t\t<\/tr>\n\t\t\t<tr>\n\t\t\t\t<td>\n\t\t\t\t\t<p>Camsil<br \/>\nB\u00fcy\u00fck<br \/>\nK\u00fc\u00e7\u00fck\n\t\t\t\t\t<\/p>\n\t\t\t\t<\/td>\n\t\t\t\t<td>\n\t\t\t\t\t<p><img src=\"https:\/\/wilcotr.com\/wp-content\/uploads\/2024\/06\/Camsil.jpg\" alt=\"\" width=\"100\" height=\"100\" \/>\n\t\t\t\t\t<\/p>\n\t\t\t\t<\/td>\n\t\t\t\t<td>\n\t\t\t\t\t<p>\u0130htiyac\u0131m<span class=\"wpcf7-form-control-wrap\" data-name=\"camsil\"><select class=\"wpcf7-form-control wpcf7-select wpcf7-validates-as-required\" aria-required=\"true\" aria-invalid=\"false\" name=\"camsil\"><option value=\"Se\u00e7iniz\">Se\u00e7iniz<\/option><option value=\"Var\">Var<\/option><option value=\"Yok\">Yok<\/option><\/select><\/span>\n\t\t\t\t\t<\/p>\n\t\t\t\t<\/td>\n\t\t\t<\/tr>\n\t\t\t<tr>\n\t\t\t\t<td>\n\t\t\t\t\t<p>Mop<br \/>\nAparat\u0131\n\t\t\t\t\t<\/p>\n\t\t\t\t<\/td>\n\t\t\t\t<td>\n\t\t\t\t\t<p><img src=\"https:\/\/wilcotr.com\/wp-content\/uploads\/2024\/06\/mopaparati.jpg\" alt=\"\" width=\"100\" height=\"100\" \/>\n\t\t\t\t\t<\/p>\n\t\t\t\t<\/td>\n\t\t\t\t<td>\n\t\t\t\t\t<p>\u0130htiyac\u0131m<span class=\"wpcf7-form-control-wrap\" data-name=\"mopaparat\"><select class=\"wpcf7-form-control wpcf7-select wpcf7-validates-as-required\" aria-required=\"true\" aria-invalid=\"false\" name=\"mopaparat\"><option value=\"Se\u00e7iniz\">Se\u00e7iniz<\/option><option value=\"Var\">Var<\/option><option value=\"Yok\">Yok<\/option><\/select><\/span>\n\t\t\t\t\t<\/p>\n\t\t\t\t<\/td>\n\t\t\t<\/tr>\n\t\t\t<tr>\n\t\t\t\t<td>\n\t\t\t\t\t<p>Aluminyum<br \/>\nDelikli<br \/>\nSap\n\t\t\t\t\t<\/p>\n\t\t\t\t<\/td>\n\t\t\t\t<td>\n\t\t\t\t\t<p><img src=\"https:\/\/wilcotr.com\/wp-content\/uploads\/2024\/06\/aluminyumsap.jpg\" alt=\"\" width=\"100\" height=\"100\" \/>\n\t\t\t\t\t<\/p>\n\t\t\t\t<\/td>\n\t\t\t\t<td>\n\t\t\t\t\t<p>\u0130htiyac\u0131m<span class=\"wpcf7-form-control-wrap\" data-name=\"aluminyumsap\"><select class=\"wpcf7-form-control wpcf7-select wpcf7-validates-as-required\" aria-required=\"true\" aria-invalid=\"false\" name=\"aluminyumsap\"><option value=\"Se\u00e7iniz\">Se\u00e7iniz<\/option><option value=\"Var\">Var<\/option><option value=\"Yok\">Yok<\/option><\/select><\/span>\n\t\t\t\t\t<\/p>\n\t\t\t\t<\/td>\n\t\t\t<\/tr>\n\t\t\t<tr>\n\t\t\t\t<td>\n\t\t\t\t\t<p>G\u00fcrgen<br \/>\nSap\n\t\t\t\t\t<\/p>\n\t\t\t\t<\/td>\n\t\t\t\t<td>\n\t\t\t\t\t<p><img src=\"https:\/\/wilcotr.com\/wp-content\/uploads\/2024\/06\/gurgensap.jpg\" alt=\"\" width=\"100\" height=\"100\" \/>\n\t\t\t\t\t<\/p>\n\t\t\t\t<\/td>\n\t\t\t\t<td>\n\t\t\t\t\t<p>\u0130htiyac\u0131m<span class=\"wpcf7-form-control-wrap\" data-name=\"gurgensap\"><select class=\"wpcf7-form-control wpcf7-select wpcf7-validates-as-required\" aria-required=\"true\" aria-invalid=\"false\" name=\"gurgensap\"><option value=\"Se\u00e7iniz\">Se\u00e7iniz<\/option><option value=\"Var\">Var<\/option><option value=\"Yok\">Yok<\/option><\/select><\/span>\n\t\t\t\t\t<\/p>\n\t\t\t\t<\/td>\n\t\t\t<\/tr>\n\t\t\t<tr>\n\t\t\t\t<td>\n\t\t\t\t\t<p>Toz<br \/>\nTorbas\u0131\n\t\t\t\t\t<\/p>\n\t\t\t\t<\/td>\n\t\t\t\t<td>\n\t\t\t\t\t<p><img src=\"https:\/\/wilcotr.com\/wp-content\/uploads\/2024\/06\/toz-torbasi.jpg\" alt=\"\" width=\"100\" height=\"100\" \/>\n\t\t\t\t\t<\/p>\n\t\t\t\t<\/td>\n\t\t\t\t<td>\n\t\t\t\t\t<p>\u0130htiyac\u0131m<span class=\"wpcf7-form-control-wrap\" data-name=\"toztorba\"><select class=\"wpcf7-form-control wpcf7-select wpcf7-validates-as-required\" aria-required=\"true\" aria-invalid=\"false\" name=\"toztorba\"><option value=\"Se\u00e7iniz\">Se\u00e7iniz<\/option><option value=\"Var\">Var<\/option><option value=\"Yok\">Yok<\/option><\/select><\/span>\n\t\t\t\t\t<\/p>\n\t\t\t\t<\/td>\n\t\t\t<\/tr>\n\t\t\t<tr>\n\t\t\t\t<td>\n\t\t\t\t\t<p>Eldiven\n\t\t\t\t\t<\/p>\n\t\t\t\t<\/td>\n\t\t\t\t<td>\n\t\t\t\t\t<p><img src=\"https:\/\/wilcotr.com\/wp-content\/uploads\/2024\/06\/viper-eldiven.jpg\" alt=\"\" width=\"100\" height=\"100\" \/>\n\t\t\t\t\t<\/p>\n\t\t\t\t<\/td>\n\t\t\t\t<td>\n\t\t\t\t\t<p>\u0130htiyac\u0131m<span class=\"wpcf7-form-control-wrap\" data-name=\"eldiven\"><select class=\"wpcf7-form-control wpcf7-select wpcf7-validates-as-required\" aria-required=\"true\" aria-invalid=\"false\" name=\"eldiven\"><option value=\"Se\u00e7iniz\">Se\u00e7iniz<\/option><option value=\"Var\">Var<\/option><option value=\"Yok\">Yok<\/option><\/select><\/span>\n\t\t\t\t\t<\/p>\n\t\t\t\t<\/td>\n\t\t\t<\/tr>\n\t\t\t<tr>\n\t\t\t\t<td>\n\t\t\t\t\t<p>Cam<br \/>\nTemizleyici\n\t\t\t\t\t<\/p>\n\t\t\t\t<\/td>\n\t\t\t\t<td>\n\t\t\t\t\t<p><img src=\"https:\/\/wilcotr.com\/wp-content\/uploads\/2024\/06\/cam-temizleyici.jpg\" alt=\"\" width=\"100\" height=\"100\" \/>\n\t\t\t\t\t<\/p>\n\t\t\t\t<\/td>\n\t\t\t\t<td>\n\t\t\t\t\t<p>\u0130htiyac\u0131m<span class=\"wpcf7-form-control-wrap\" data-name=\"camtem\"><select class=\"wpcf7-form-control wpcf7-select wpcf7-validates-as-required\" aria-required=\"true\" aria-invalid=\"false\" name=\"camtem\"><option value=\"Se\u00e7iniz\">Se\u00e7iniz<\/option><option value=\"Var\">Var<\/option><option value=\"Yok\">Yok<\/option><\/select><\/span>\n\t\t\t\t\t<\/p>\n\t\t\t\t<\/td>\n\t\t\t<\/tr>\n\t\t<\/table>\n\t<\/body>\n<\/html>\n<p><label> A\u00e7\u0131klama - Not<br \/>\n<span class=\"wpcf7-form-control-wrap\" data-name=\"your-message\"><textarea cols=\"40\" rows=\"10\" class=\"wpcf7-form-control wpcf7-textarea\" aria-invalid=\"false\" name=\"your-message\"><\/textarea><\/span> <\/label>\n<\/p>\n<p><input class=\"wpcf7-form-control wpcf7-submit has-spinner\" type=\"submit\" value=\"Send\" \/>\n<\/p><div class=\"wpcf7-response-output\" aria-hidden=\"true\"><\/div>\n<input type=\"hidden\" name=\"trp-form-language\" value=\"en\"\/><\/form>\n<\/div>\n<\/div>","protected":false},"excerpt":{"rendered":"","protected":false},"author":1,"featured_media":0,"parent":0,"menu_order":0,"comment_status":"closed","ping_status":"closed","template":"","meta":{"om_disable_all_campaigns":false,"_uf_show_specific_survey":0,"_uf_disable_surveys":false,"footnotes":""},"aioseo_notices":[],"_links":{"self":[{"href":"https:\/\/wilcotr.com\/en\/wp-json\/wp\/v2\/pages\/2153"}],"collection":[{"href":"https:\/\/wilcotr.com\/en\/wp-json\/wp\/v2\/pages"}],"about":[{"href":"https:\/\/wilcotr.com\/en\/wp-json\/wp\/v2\/types\/page"}],"author":[{"embeddable":true,"href":"https:\/\/wilcotr.com\/en\/wp-json\/wp\/v2\/users\/1"}],"replies":[{"embeddable":true,"href":"https:\/\/wilcotr.com\/en\/wp-json\/wp\/v2\/comments?post=2153"}],"version-history":[{"count":4,"href":"https:\/\/wilcotr.com\/en\/wp-json\/wp\/v2\/pages\/2153\/revisions"}],"predecessor-version":[{"id":2244,"href":"https:\/\/wilcotr.com\/en\/wp-json\/wp\/v2\/pages\/2153\/revisions\/2244"}],"wp:attachment":[{"href":"https:\/\/wilcotr.com\/en\/wp-json\/wp\/v2\/media?parent=2153"}],"curies":[{"name":"wp","href":"https:\/\/api.w.org\/{rel}","templated":true}]}}