{"id":2079,"date":"2024-05-17T11:00:05","date_gmt":"2024-05-17T08:00:05","guid":{"rendered":"https:\/\/wilcotr.com\/?page_id=2079"},"modified":"2024-05-17T11:00:07","modified_gmt":"2024-05-17T08:00:07","slug":"k-v-k-k-acik-riza-beyani","status":"publish","type":"page","link":"https:\/\/wilcotr.com\/en\/k-v-k-k-acik-riza-beyani\/","title":{"rendered":"Personal Data Protection Law (KVKK) Explicit Consent Statement"},"content":{"rendered":"<p>WILCO \u0130NSAN KAYNAKLARI VE H\u0130ZMET ANON\u0130M \u015e\u0130RKET\u0130 (\u2018\u2018\u015eirket\u2019\u2019) taraf\u0131ndan, 6698 Say\u0131l\u0131 Ki\u015fisel Verilerin Korunmas\u0131 Kanunu\u2019nun (\u201cKVK Kanunu\u201d) ilgili h\u00fck\u00fcmlerine uygun olarak bilginize sunulan Ki\u015fisel Verilerin Korunmas\u0131 Kanunu Kapsam\u0131nda Genel&nbsp;<a href=\"https:\/\/verbis.online\/kvkk-aydinlatma-metni\/\" target=\"_blank\" rel=\"noreferrer noopener\">Information Text&nbsp;<\/a>ve \u015eirket Ki\u015fisel Verilerin Korunmas\u0131 ve \u0130\u015flenmesi Y\u00f6netmeli\u011fi \u00e7er\u00e7evesinde,<\/p>\n\n\n\n<p>Ki\u015fisel verilerinin&nbsp;<a href=\"https:\/\/verbis.online\/veri-sorumlusu-kimdir-2\/\" target=\"_blank\" rel=\"noreferrer noopener\">veri sorumlusu&nbsp;<\/a>s\u0131fat\u0131yla \u015eirket veya gerekli g\u00fcvenlik tedbirlerini ald\u0131rmak suretiyle yetkilendirdi\u011fi veri i\u015fleyenler taraf\u0131ndan; \u015eirket\u2019in m\u00fc\u015fterilerine sunmu\u015f oldu\u011fu \u00fcr\u00fcn ve hizmetlerini en iyi ko\u015fullar alt\u0131nda sa\u011flayabilmesi, \u00fcr\u00fcn veya hizmetlerin g\u00fcvenilir ve kesintisiz bir \u015fekilde temin edilmesi, m\u00fc\u015fteri memnuniyetinin en \u00fcst seviyeye \u00e7\u0131kar\u0131lmas\u0131, \u00f6demelerin yap\u0131lmas\u0131, mezk\u00fbr hizmetlere ili\u015fkin \u00e7e\u015fitli i\u015flemlerin yerine getirilmesi, operasyonlar\u0131n y\u00fcr\u00fct\u00fclmesi ve geli\u015ftirilmesi, mezk\u00fbr \u00fcr\u00fcn ve hizmetlerin veya farkl\u0131 \u00fcr\u00fcn ve hizmetlerin tan\u0131t\u0131m, pazarlama, reklam ve kampanya faaliyetlerinin yap\u0131lmas\u0131, m\u00fc\u015fterilerin f\u0131rsatlardan, kampanyalardan ve sair hizmetlerden haberdar edilmesi ve m\u00fc\u015fterilerle akdedilen s\u00f6zle\u015fmelerin gereklerinin yerine getirilmesi ama\u00e7lar\u0131yla do\u011frudan veya dolayl\u0131 olarak ilgili olan kimlik bilgilerinin, adres bilgilerinin, ileti\u015fim bilgilerinin ve sair ki\u015fisel verilerin; ba\u015fta mevzuatta \u00f6ng\u00f6r\u00fclen veya i\u015flendikleri ama\u00e7 i\u00e7in gerekli olan s\u00fcre kadar muhafaza edilme ilkesi olmak \u00fczere 6698 Say\u0131l\u0131 Ki\u015fisel Verilerin Korunmas\u0131 Kanunu\u2019nun (\u201cKVK Kanunu\u201d) 4. maddesinde ifade edilen genel ilkelere uygun \u015fekilde i\u015flenebilece\u011fini; elde edilebilece\u011fini, kaydedilebilece\u011fini, i\u015flenme amac\u0131yla uygun s\u00fcre zarf\u0131nda fiziksel veya elektronik ortamda g\u00fcvenli bir \u015fekilde depolanabilece\u011fini, muhafaza edilebilece\u011fini, de\u011fi\u015ftirilebilece\u011fini, yeniden d\u00fczenlenebilece\u011fini, mevzuata uygun bi\u00e7imde a\u00e7\u0131klanabilece\u011fini ve aktar\u0131labilece\u011fini, devral\u0131nabilece\u011fini, s\u0131n\u0131fland\u0131r\u0131labilece\u011fini, i\u015flenebilece\u011fini ya da verilerin kullan\u0131lmas\u0131n\u0131n engellenebilece\u011fini; yukar\u0131da belirtilen hususlarla ilgili olarak \u015eirket taraf\u0131ndan bilgilendirildi\u011fimi ve KVK Kanunu \u00e7er\u00e7evesinde a\u00e7\u0131k r\u0131zam bulundu\u011funu kabul ve beyan ederim.<\/p>\n\n\n\n<p>\u0130\u015fbu ki\u015fisel verilerimin, yukar\u0131da belirtilen ama\u00e7larla ba\u011fl\u0131 kalmak kayd\u0131yla, \u015eirket taraf\u0131ndan; \u015eirket \u00e7al\u0131\u015fanlar\u0131na, g\u00f6revlilerine, grup \u015firketlerine (\u015eirket ve\/veya i\u015f ortaklar\u0131na, hissedarlar\u0131na), kanunen yetkili kamu kurum ve kurulu\u015flar\u0131na, faaliyetlerini y\u00fcr\u00fctebilmek amac\u0131yla, hukuki zorunluluklar ve yasal s\u0131n\u0131rlamalar \u00e7er\u00e7evesinde ba\u011f\u0131ms\u0131z denetim \u015firketlerine, anket \u015firketlerine, taraf\u0131ma verilecek hizmetlerin ve\/veya faaliyetlerin y\u00fcr\u00fct\u00fclmesi i\u00e7in \u015eirket\u2019in hizmet ald\u0131\u011f\u0131 veya birlikte \u00e7al\u0131\u015ft\u0131\u011f\u0131 i\u015f ortaklar\u0131na ve hizmet sa\u011flay\u0131c\u0131lar\u0131na aktar\u0131labilece\u011fini ve bu hususta a\u00e7\u0131k r\u0131zam oldu\u011funu kabul ve beyan ederim.<\/p>\n\n\n\n<p>Bununla birlikte, KVK Kanunu\u2019nun 11.maddesi ve ilgili mevzuat uyar\u0131nca; \u015eirkete ba\u015fvurarak kendimle ilgili; ki\u015fisel veri i\u015flenip i\u015flenmedi\u011fini \u00f6\u011frenme, ki\u015fisel verilerim i\u015flenmi\u015fse buna ili\u015fkin bilgi talep etme, ki\u015fisel verilerimin i\u015flenme amac\u0131n\u0131 ve bunlar\u0131n amac\u0131na uygun kullan\u0131l\u0131p kullan\u0131lmad\u0131\u011f\u0131n\u0131 \u00f6\u011frenme, yurt i\u00e7inde veya yurt d\u0131\u015f\u0131nda ki\u015fisel verilerin aktar\u0131ld\u0131\u011f\u0131 \u00fc\u00e7\u00fcnc\u00fc ki\u015fileri bilme, ki\u015fisel verilerin eksik veya yanl\u0131\u015f i\u015flenmi\u015f olmas\u0131 h\u00e2linde bunlar\u0131n d\u00fczeltilmesini isteme, i\u015fbu verilerin i\u015flenmesini gerektiren sebeplerin ortadan kalkmas\u0131 h\u00e2linde ki\u015fisel verilerimin silinmesini veya yok edilmesini isteme, bu d\u00fczeltme ve silinme taleplerinin ki\u015fisel verilerin aktar\u0131ld\u0131\u011f\u0131 \u00fc\u00e7\u00fcnc\u00fc ki\u015filere bildirilmesini isteme, i\u015flenen verilerin m\u00fcnhas\u0131ran otomatik sistemler vas\u0131tas\u0131yla analiz edilmesi suretiyle kendi aleyhime bir sonucun ortaya \u00e7\u0131kmas\u0131na itiraz etme, ki\u015fisel verilerimin kanuna ayk\u0131r\u0131 olarak i\u015flenmesi sebebiyle zarara u\u011framas\u0131 h\u00e2linde zarar\u0131n giderilmesini talep etme haklar\u0131m\u0131n oldu\u011funu ve bu haklar\u0131 kullanmak i\u00e7in kimli\u011fimi tespit edici gerekli bilgiler ile kullanmay\u0131 talep etti\u011fim hakk\u0131ma y\u00f6nelik a\u00e7\u0131klamalar\u0131 da i\u00e7eren talebimi www.wilcotr.com adresindeki formu doldurarak ve formun imzal\u0131 bir n\u00fcshas\u0131n\u0131 \u00dcniversite Mah. Firuzk\u00f6y Bulvar\u0131 No: 17\/2\/2 Avc\u0131lar \u0130stanbul adresinde bulunan \u015eirket M\u00fcd\u00fcrl\u00fc\u011f\u00fc\u2019ne kimli\u011fimi tespit edici belgeler ile bizzat elden iletme yahut noter kanal\u0131yla veya KVK Kanunu\u2019nda belirtilen di\u011fer y\u00f6ntemler ile iletme hakk\u0131na sahip oldu\u011fumu kabul ediyorum.<\/p>\n\n\n\n<p>Ayr\u0131ca, \u015eirket ile payla\u015fm\u0131\u015f oldu\u011fum ki\u015fisel verilerin do\u011fru ve g\u00fcncel oldu\u011funu; i\u015fbu bilgilerde de\u011fi\u015fiklik olmas\u0131 halinde de\u011fi\u015fiklikleri \u015eirkete bildirece\u011fimi kabul ve beyan ederim.<\/p>\n\n\n\n<p>KVK Kanunu\u2019nda tan\u0131mlanan \u00f6zel nitelikli ki\u015fisel verilerim de dahil olmak \u00fczere ilgili ki\u015fisel verilerimin i\u015flenmesine, ilgili s\u00fcre\u00e7 kapsam\u0131nda i\u015flenme amac\u0131 ile s\u0131n\u0131rl\u0131 olmak \u00fczere kullan\u0131lmas\u0131na ve payla\u015f\u0131lmas\u0131na, gereken s\u00fcre zarf\u0131nda saklanmas\u0131na a\u00e7\u0131k r\u0131zam oldu\u011funu ve bu hususta taraf\u0131ma gerekli ayd\u0131nlatman\u0131n yap\u0131ld\u0131\u011f\u0131n\u0131; i\u015fbu metni, \u015eirket Ki\u015fisel Verilerin Korunmas\u0131 ve \u0130\u015flenmesi Y\u00f6netmeli\u011fini ve Ayd\u0131nlatma Metnini okudu\u011fumu ve anlad\u0131\u011f\u0131m\u0131;<\/p>\n\n\n\n<p>Kabul Ediyorum&nbsp;&nbsp;&nbsp;&nbsp; &nbsp;[ &nbsp;&nbsp;&nbsp;]<\/p>\n\n\n\n<p>Kabul Etmiyorum &nbsp;&nbsp;[ &nbsp;&nbsp;&nbsp;]<\/p>\n\n\n\n<p><strong>Veri Sahibi<\/strong><\/p>\n\n\n\n<p>Ad\u0131 Soyad\u0131&nbsp; :\u2026\u2026\u2026\u2026\u2026\u2026\u2026\u2026\u2026\u2026\u2026\u2026\u2026\u2026\u2026\u2026\u2026\u2026\u2026\u2026\u2026\u2026.<\/p>\n\n\n\n<p>Tarih&nbsp;&nbsp;&nbsp;&nbsp;&nbsp;&nbsp;&nbsp;&nbsp;&nbsp;&nbsp; :\u2026\u2026\u2026\/\u2026\u2026..\/\u2026\u2026\u2026\u2026\u2026\u2026<\/p>\n\n\n\n<p>\u0130mza&nbsp;&nbsp;&nbsp;&nbsp;&nbsp;&nbsp;&nbsp;&nbsp;&nbsp;&nbsp; :\u2026\u2026\u2026\u2026\u2026\u2026\u2026\u2026\u2026\u2026\u2026\u2026.<\/p>","protected":false},"excerpt":{"rendered":"<p>WILCO \u0130NSAN KAYNAKLARI VE H\u0130ZMET ANON\u0130M \u015e\u0130RKET\u0130 (\u2018\u2018\u015eirket\u2019\u2019) taraf\u0131ndan, 6698 Say\u0131l\u0131 Ki\u015fisel Verilerin Korunmas\u0131 Kanunu\u2019nun (\u201cKVK Kanunu\u201d) ilgili h\u00fck\u00fcmlerine uygun olarak bilginize sunulan Ki\u015fisel Verilerin Korunmas\u0131 Kanunu Kapsam\u0131nda Genel&nbsp;Ayd\u0131nlatma Metni&nbsp;ve \u015eirket Ki\u015fisel Verilerin Korunmas\u0131 ve \u0130\u015flenmesi Y\u00f6netmeli\u011fi \u00e7er\u00e7evesinde, Ki\u015fisel verilerinin&nbsp;veri sorumlusu&nbsp;s\u0131fat\u0131yla \u015eirket veya gerekli g\u00fcvenlik tedbirlerini ald\u0131rmak suretiyle yetkilendirdi\u011fi veri i\u015fleyenler taraf\u0131ndan; \u015eirket\u2019in m\u00fc\u015fterilerine sunmu\u015f [&hellip;]<\/p>","protected":false},"author":1,"featured_media":0,"parent":0,"menu_order":0,"comment_status":"closed","ping_status":"closed","template":"","meta":{"om_disable_all_campaigns":false,"_uf_show_specific_survey":0,"_uf_disable_surveys":false,"footnotes":""},"aioseo_notices":[],"_links":{"self":[{"href":"https:\/\/wilcotr.com\/en\/wp-json\/wp\/v2\/pages\/2079"}],"collection":[{"href":"https:\/\/wilcotr.com\/en\/wp-json\/wp\/v2\/pages"}],"about":[{"href":"https:\/\/wilcotr.com\/en\/wp-json\/wp\/v2\/types\/page"}],"author":[{"embeddable":true,"href":"https:\/\/wilcotr.com\/en\/wp-json\/wp\/v2\/users\/1"}],"replies":[{"embeddable":true,"href":"https:\/\/wilcotr.com\/en\/wp-json\/wp\/v2\/comments?post=2079"}],"version-history":[{"count":1,"href":"https:\/\/wilcotr.com\/en\/wp-json\/wp\/v2\/pages\/2079\/revisions"}],"predecessor-version":[{"id":2080,"href":"https:\/\/wilcotr.com\/en\/wp-json\/wp\/v2\/pages\/2079\/revisions\/2080"}],"wp:attachment":[{"href":"https:\/\/wilcotr.com\/en\/wp-json\/wp\/v2\/media?parent=2079"}],"curies":[{"name":"wp","href":"https:\/\/api.w.org\/{rel}","templated":true}]}}