{"id":1550,"date":"2024-04-05T15:11:38","date_gmt":"2024-04-05T12:11:38","guid":{"rendered":"https:\/\/wilcotr.com\/?page_id=1550"},"modified":"2024-04-05T15:11:39","modified_gmt":"2024-04-05T12:11:39","slug":"endustriyel-tedarik-hizmetleri","status":"publish","type":"page","link":"https:\/\/wilcotr.com\/en\/endustriyel-tedarik-hizmetleri\/","title":{"rendered":"INDUSTRIAL SUPPLY SERVICES"},"content":{"rendered":"<section id=\"gmc9429f3\" class=\"wp-block-gutentor-m2 section-gmc9429f3 gutentor-module gutentor-dynamic-columns\"><div class=\"grid-container\"><div class=\"grid-row\">\n<div id=\"col-gmc6cbe2\" class=\"wp-block-gutentor-m2-col col-gmc6cbe2 gutentor-module gutentor-dynamic-single-column grid-lg-6 grid-md-4 grid-12\"><div id=\"section-gmc6cbe2\" class=\"section-gmc6cbe2 gutentor-single-col\">\n<figure class=\"wp-block-image size-full\"><img decoding=\"async\" loading=\"lazy\" width=\"852\" height=\"550\" src=\"https:\/\/wilcotr.com\/wp-content\/uploads\/2024\/04\/tedarik.jpg\" alt=\"\" class=\"wp-image-1551\" srcset=\"https:\/\/wilcotr.com\/wp-content\/uploads\/2024\/04\/tedarik.jpg 852w, https:\/\/wilcotr.com\/wp-content\/uploads\/2024\/04\/tedarik-300x194.jpg 300w, https:\/\/wilcotr.com\/wp-content\/uploads\/2024\/04\/tedarik-768x496.jpg 768w, https:\/\/wilcotr.com\/wp-content\/uploads\/2024\/04\/tedarik-18x12.jpg 18w\" sizes=\"(max-width: 852px) 100vw, 852px\" \/><\/figure>\n<\/div><\/div>\n\n\n\n<div id=\"col-gm0bdc47\" class=\"wp-block-gutentor-m2-col col-gm0bdc47 gutentor-module gutentor-dynamic-single-column grid-lg-6 grid-md-4 grid-12\"><div id=\"section-gm0bdc47\" class=\"section-gm0bdc47 gutentor-single-col\">\n<p>Industrial supply is a series of functions and specific tasks in delivering products from the supplier to the end user by integrating all the functions that make up the chain; It fulfills its goals in line with 6 basic goals.<\/p>\n\n\n\n<p>* Demand and order management<\/p>\n\n\n\n<p>* Purchasing<\/p>\n\n\n\n<p>* Planning<\/p>\n\n\n\n<p>* Inventory (Stock Management)<\/p>\n\n\n\n<p>* Warehouse Management<\/p>\n\n\n\n<p>* Shipment (Transportation)<\/p>\n\n\n\n<p><\/p>\n<\/div><\/div>\n<\/div><\/div><\/section>\n\n\n\n<p><strong>Advantages You Will Gain:<\/strong><\/p>\n\n\n\n<p>* Improves delivery performance.<\/p>\n\n\n\n<p>* It enables the reduction of inventory.<\/p>\n\n\n\n<p>* Increases order fulfillment rate.<\/p>\n\n\n\n<p>*It increases the accuracy of demand forecasts.<\/p>\n\n\n\n<p>* It shortens the supply cycle time.<\/p>\n\n\n\n<p>* Reduces logistics costs.<\/p>\n\n\n\n<p>* It provides increased efficiency and capacity.<\/p>\n\n\n\n<p>*It increases customer satisfaction.<\/p>\n\n\n\n<p>* It ensures production continuity by guaranteeing the supply of inputs.<\/p>\n\n\n\n<p>* It increases quality by meeting consumer demands in the best way possible.<\/p>\n\n\n\n<p>*Reduces total costs.<\/p>\n\n\n\n<p>* It allows you to respond to changes in the market in a shorter time.<\/p>","protected":false},"excerpt":{"rendered":"<p>Elde Edece\u011finiz Avantajlar; * Teslimat performans\u0131n\u0131 iyile\u015ftirir. * Envanterin azalt\u0131lmas\u0131n\u0131 sa\u011flar. * Sipari\u015f kar\u015f\u0131lama oran\u0131n\u0131 y\u00fckseltir. * Talep tahminlerinin do\u011frulu\u011funu artt\u0131r\u0131r. * Tedarik \u00e7evrim s\u00fcresini k\u0131salt\u0131r. * Lojistik masraflar\u0131n\u0131 azalt\u0131r. * Verimlilik ve kapasite art\u0131\u015f\u0131n\u0131 sa\u011flar. * M\u00fc\u015fteri memnuniyetini artt\u0131r\u0131r. * Girdilerin teminini garantileyerek, \u00fcretim devaml\u0131l\u0131\u011f\u0131n\u0131 sa\u011flar. * T\u00fcketici taleplerini en iyi \u015fekilde kar\u015f\u0131layarak kaliteyi [&hellip;]<\/p>","protected":false},"author":1,"featured_media":0,"parent":0,"menu_order":0,"comment_status":"closed","ping_status":"closed","template":"","meta":{"om_disable_all_campaigns":false,"_uf_show_specific_survey":0,"_uf_disable_surveys":false,"footnotes":""},"aioseo_notices":[],"_links":{"self":[{"href":"https:\/\/wilcotr.com\/en\/wp-json\/wp\/v2\/pages\/1550"}],"collection":[{"href":"https:\/\/wilcotr.com\/en\/wp-json\/wp\/v2\/pages"}],"about":[{"href":"https:\/\/wilcotr.com\/en\/wp-json\/wp\/v2\/types\/page"}],"author":[{"embeddable":true,"href":"https:\/\/wilcotr.com\/en\/wp-json\/wp\/v2\/users\/1"}],"replies":[{"embeddable":true,"href":"https:\/\/wilcotr.com\/en\/wp-json\/wp\/v2\/comments?post=1550"}],"version-history":[{"count":1,"href":"https:\/\/wilcotr.com\/en\/wp-json\/wp\/v2\/pages\/1550\/revisions"}],"predecessor-version":[{"id":1552,"href":"https:\/\/wilcotr.com\/en\/wp-json\/wp\/v2\/pages\/1550\/revisions\/1552"}],"wp:attachment":[{"href":"https:\/\/wilcotr.com\/en\/wp-json\/wp\/v2\/media?parent=1550"}],"curies":[{"name":"wp","href":"https:\/\/api.w.org\/{rel}","templated":true}]}}